{"id":101,"date":"2024-04-29T09:49:08","date_gmt":"2024-04-29T07:49:08","guid":{"rendered":"http:\/\/benoitandco.fr\/?page_id=101"},"modified":"2024-05-14T18:24:48","modified_gmt":"2024-05-14T16:24:48","slug":"laveugle-et-le-boiteux","status":"publish","type":"page","link":"https:\/\/benoitandco.fr\/?page_id=101","title":{"rendered":"L&#8217;aveugle et le boiteux"},"content":{"rendered":"\n<p>Une pi\u00e8ce en un acte du Moyen-Age.<\/p>\n\n\n\n<p>Lors d\u2019une procession, deux mendiants, l\u2019un aveugle et l\u2019autre boiteux, ont une attitude diff\u00e9rente vis \u00e0 vis de la relique miraculeuse. L\u2019un veut gu\u00e9rir, l\u2019autre non\u2026 car que faire lorsqu\u2019on ne sait pas gagner de quoi vivre autrement ??<\/p>\n\n\n\n<p>cr\u00e9\u00e9 en 1996<\/p>\n\n\n\n<p>avec :<\/p>\n\n\n\n<p>Fr\u00e9d\u00e9ric ROGER<br>Jean-Louis STANEK<\/p>\n","protected":false},"excerpt":{"rendered":"<p>Une pi\u00e8ce en un acte du Moyen-Age. Lors d\u2019une procession, deux mendiants, l\u2019un aveugle et l\u2019autre boiteux, ont une attitude diff\u00e9rente vis \u00e0 vis de la relique miraculeuse. L\u2019un veut gu\u00e9rir, l\u2019autre non\u2026 car que faire lorsqu\u2019on ne sait pas gagner de quoi vivre autrement ?? cr\u00e9\u00e9 en 1996 avec : Fr\u00e9d\u00e9ric ROGERJean-Louis STANEK<\/p>\n","protected":false},"author":1,"featured_media":0,"parent":135,"menu_order":14,"comment_status":"closed","ping_status":"closed","template":"","meta":{"footnotes":""},"class_list":["post-101","page","type-page","status-publish","hentry"],"_links":{"self":[{"href":"https:\/\/benoitandco.fr\/index.php?rest_route=\/wp\/v2\/pages\/101","targetHints":{"allow":["GET"]}}],"collection":[{"href":"https:\/\/benoitandco.fr\/index.php?rest_route=\/wp\/v2\/pages"}],"about":[{"href":"https:\/\/benoitandco.fr\/index.php?rest_route=\/wp\/v2\/types\/page"}],"author":[{"embeddable":true,"href":"https:\/\/benoitandco.fr\/index.php?rest_route=\/wp\/v2\/users\/1"}],"replies":[{"embeddable":true,"href":"https:\/\/benoitandco.fr\/index.php?rest_route=%2Fwp%2Fv2%2Fcomments&post=101"}],"version-history":[{"count":1,"href":"https:\/\/benoitandco.fr\/index.php?rest_route=\/wp\/v2\/pages\/101\/revisions"}],"predecessor-version":[{"id":102,"href":"https:\/\/benoitandco.fr\/index.php?rest_route=\/wp\/v2\/pages\/101\/revisions\/102"}],"up":[{"embeddable":true,"href":"https:\/\/benoitandco.fr\/index.php?rest_route=\/wp\/v2\/pages\/135"}],"wp:attachment":[{"href":"https:\/\/benoitandco.fr\/index.php?rest_route=%2Fwp%2Fv2%2Fmedia&parent=101"}],"curies":[{"name":"wp","href":"https:\/\/api.w.org\/{rel}","templated":true}]}}