{"id":103,"date":"2024-04-29T09:55:24","date_gmt":"2024-04-29T07:55:24","guid":{"rendered":"http:\/\/benoitandco.fr\/?page_id=103"},"modified":"2024-05-14T18:39:47","modified_gmt":"2024-05-14T16:39:47","slug":"les-paves-de-lours-gros-chagrin","status":"publish","type":"page","link":"https:\/\/benoitandco.fr\/?page_id=103","title":{"rendered":"Les pav\u00e9s de l&#8217;ours &amp; Gros chagrin"},"content":{"rendered":"\n<p>Deux pi\u00e8ces s\u2019ajoutent au r\u00e9pertoire de Benoit &amp; Co<\/p>\n\n\n\n<p>\u201cLes pav\u00e9s de l\u2019ours\u201d de Georges Feydeau et \u201cGros chagrin\u201d de Georges Courteline, deux petites pi\u00e8ces pour 4 acteurs qui font la joie du public.<\/p>\n\n\n\n<p>Les acteurs : Fr\u00e9d\u00e9ric Roger, Natacha Bordaz, Florence Desmidt et Jean-Louis Stanek saupoudrent la cupidit\u00e9 et les quiproquos \u00e0 travers les personnages habituels de mari ou de femme tromp\u00e9s, de domestique belge ou non, etc\u2026.<\/p>\n\n\n\n<p>Fr\u00e9d\u00e9ric Roger en a assur\u00e9 la mise en sc\u00e8ne en juillet 2011 et Benoit &amp; Co propose le spectacle sous sa houlette.<\/p>\n","protected":false},"excerpt":{"rendered":"<p>Deux pi\u00e8ces s\u2019ajoutent au r\u00e9pertoire de Benoit &amp; Co \u201cLes pav\u00e9s de l\u2019ours\u201d de Georges Feydeau et \u201cGros chagrin\u201d de Georges Courteline, deux petites pi\u00e8ces pour 4 acteurs qui font la joie du public. Les acteurs : Fr\u00e9d\u00e9ric Roger, Natacha Bordaz, Florence Desmidt et Jean-Louis Stanek saupoudrent la cupidit\u00e9 et les quiproquos \u00e0 travers les [&hellip;]<\/p>\n","protected":false},"author":1,"featured_media":0,"parent":135,"menu_order":23,"comment_status":"closed","ping_status":"closed","template":"","meta":{"footnotes":""},"class_list":["post-103","page","type-page","status-publish","hentry"],"_links":{"self":[{"href":"https:\/\/benoitandco.fr\/index.php?rest_route=\/wp\/v2\/pages\/103","targetHints":{"allow":["GET"]}}],"collection":[{"href":"https:\/\/benoitandco.fr\/index.php?rest_route=\/wp\/v2\/pages"}],"about":[{"href":"https:\/\/benoitandco.fr\/index.php?rest_route=\/wp\/v2\/types\/page"}],"author":[{"embeddable":true,"href":"https:\/\/benoitandco.fr\/index.php?rest_route=\/wp\/v2\/users\/1"}],"replies":[{"embeddable":true,"href":"https:\/\/benoitandco.fr\/index.php?rest_route=%2Fwp%2Fv2%2Fcomments&post=103"}],"version-history":[{"count":3,"href":"https:\/\/benoitandco.fr\/index.php?rest_route=\/wp\/v2\/pages\/103\/revisions"}],"predecessor-version":[{"id":320,"href":"https:\/\/benoitandco.fr\/index.php?rest_route=\/wp\/v2\/pages\/103\/revisions\/320"}],"up":[{"embeddable":true,"href":"https:\/\/benoitandco.fr\/index.php?rest_route=\/wp\/v2\/pages\/135"}],"wp:attachment":[{"href":"https:\/\/benoitandco.fr\/index.php?rest_route=%2Fwp%2Fv2%2Fmedia&parent=103"}],"curies":[{"name":"wp","href":"https:\/\/api.w.org\/{rel}","templated":true}]}}