{"id":135,"date":"2024-04-28T20:01:36","date_gmt":"2024-04-28T18:01:36","guid":{"rendered":"http:\/\/benoitandco.fr\/?page_id=135"},"modified":"2024-05-14T17:43:33","modified_gmt":"2024-05-14T15:43:33","slug":"articles","status":"publish","type":"page","link":"https:\/\/benoitandco.fr\/?page_id=135","title":{"rendered":"SPECTACLES"},"content":{"rendered":"<ul class=\"wp-block-page-list\"><li class=\"wp-block-pages-list__item\"><a class=\"wp-block-pages-list__item__link\" href=\"https:\/\/benoitandco.fr\/?page_id=2\">\u00e0 propos&#8230;<\/a><\/li><li class=\"wp-block-pages-list__item\"><a class=\"wp-block-pages-list__item__link\" href=\"https:\/\/benoitandco.fr\/?page_id=92\">GRAFFITIS SONORES<\/a><\/li><li class=\"wp-block-pages-list__item has-child\"><a class=\"wp-block-pages-list__item__link\" href=\"https:\/\/benoitandco.fr\/?page_id=135\">SPECTACLES<\/a><ul class=\"wp-block-navigation__submenu-container\"><li class=\"wp-block-pages-list__item \"><a class=\"wp-block-pages-list__item__link\" href=\"https:\/\/benoitandco.fr\/?page_id=53\">ALICE : la complainte de la duchesse<\/a><\/li><li class=\"wp-block-pages-list__item \"><a class=\"wp-block-pages-list__item__link\" href=\"https:\/\/benoitandco.fr\/?page_id=72\">D\u00e9rives\/Jardin\/Salon&#8230;<\/a><\/li><li class=\"wp-block-pages-list__item \"><a class=\"wp-block-pages-list__item__link\" href=\"https:\/\/benoitandco.fr\/?page_id=18\">Mais o\u00f9 est Descartes ?<\/a><\/li><li class=\"wp-block-pages-list__item \"><a class=\"wp-block-pages-list__item__link\" href=\"https:\/\/benoitandco.fr\/?page_id=55\">L&#8217;aiguille dans la botte de foin<\/a><\/li><li class=\"wp-block-pages-list__item has-child \"><a class=\"wp-block-pages-list__item__link\" href=\"https:\/\/benoitandco.fr\/?page_id=87\">XX age<\/a><ul class=\"wp-block-navigation__submenu-container\"><li class=\"wp-block-pages-list__item \"><a class=\"wp-block-pages-list__item__link\" href=\"https:\/\/benoitandco.fr\/?page_id=70\">lu XX e<\/a><\/li><\/ul><\/li><li class=\"wp-block-pages-list__item \"><a class=\"wp-block-pages-list__item__link\" href=\"https:\/\/benoitandco.fr\/?page_id=62\">La Femme aux valises<\/a><\/li><li class=\"wp-block-pages-list__item \"><a class=\"wp-block-pages-list__item__link\" href=\"https:\/\/benoitandco.fr\/?page_id=79\">La tentation de SIM\u00c9ON Le Moderne<\/a><\/li><li class=\"wp-block-pages-list__item \"><a class=\"wp-block-pages-list__item__link\" href=\"https:\/\/benoitandco.fr\/?page_id=48\">Nuage au-del\u00e0 du chemin blanc<\/a><\/li><li class=\"wp-block-pages-list__item \"><a class=\"wp-block-pages-list__item__link\" href=\"https:\/\/benoitandco.fr\/?page_id=219\">Que des histoires<\/a><\/li><li class=\"wp-block-pages-list__item \"><a class=\"wp-block-pages-list__item__link\" href=\"https:\/\/benoitandco.fr\/?page_id=97\">Ulysse et ses sir\u00e8nes<\/a><\/li><li class=\"wp-block-pages-list__item \"><a class=\"wp-block-pages-list__item__link\" href=\"https:\/\/benoitandco.fr\/?page_id=173\">R\u00e9cits entre deux<\/a><\/li><li class=\"wp-block-pages-list__item \"><a class=\"wp-block-pages-list__item__link\" href=\"https:\/\/benoitandco.fr\/?page_id=105\">DON QUICHOTTE<\/a><\/li><li class=\"wp-block-pages-list__item \"><a class=\"wp-block-pages-list__item__link\" href=\"https:\/\/benoitandco.fr\/?page_id=186\">St Narcisse &amp; le 14 juillet<\/a><\/li><li class=\"wp-block-pages-list__item \"><a class=\"wp-block-pages-list__item__link\" href=\"https:\/\/benoitandco.fr\/?page_id=16\">Une histoire vraie<\/a><\/li><li class=\"wp-block-pages-list__item \"><a class=\"wp-block-pages-list__item__link\" href=\"https:\/\/benoitandco.fr\/?page_id=65\">\u00e0 Dada sur mon Voltaire<\/a><\/li><li class=\"wp-block-pages-list__item \"><a class=\"wp-block-pages-list__item__link\" href=\"https:\/\/benoitandco.fr\/?page_id=208\">Amour et Piano<\/a><\/li><li class=\"wp-block-pages-list__item \"><a class=\"wp-block-pages-list__item__link\" href=\"https:\/\/benoitandco.fr\/?page_id=38\">Le Joueur de Fl\u00fbte<\/a><\/li><li class=\"wp-block-pages-list__item \"><a class=\"wp-block-pages-list__item__link\" href=\"https:\/\/benoitandco.fr\/?page_id=99\">D. D.<\/a><\/li><li class=\"wp-block-pages-list__item \"><a class=\"wp-block-pages-list__item__link\" href=\"https:\/\/benoitandco.fr\/?page_id=94\">Passions de la passion<\/a><\/li><li class=\"wp-block-pages-list__item \"><a class=\"wp-block-pages-list__item__link\" href=\"https:\/\/benoitandco.fr\/?page_id=101\">L&#8217;aveugle et le boiteux<\/a><\/li><li class=\"wp-block-pages-list__item \"><a class=\"wp-block-pages-list__item__link\" href=\"https:\/\/benoitandco.fr\/?page_id=112\">Le veilleur de nuit<\/a><\/li><li class=\"wp-block-pages-list__item \"><a class=\"wp-block-pages-list__item__link\" href=\"https:\/\/benoitandco.fr\/?page_id=59\">La Femme \u00e0 rebours<\/a><\/li><li class=\"wp-block-pages-list__item \"><a class=\"wp-block-pages-list__item__link\" href=\"https:\/\/benoitandco.fr\/?page_id=57\">La Femme au drapeau<\/a><\/li><li class=\"wp-block-pages-list__item \"><a class=\"wp-block-pages-list__item__link\" href=\"https:\/\/benoitandco.fr\/?page_id=103\">Les pav\u00e9s de l&#8217;ours &amp; Gros chagrin<\/a><\/li><li class=\"wp-block-pages-list__item \"><a class=\"wp-block-pages-list__item__link\" href=\"https:\/\/benoitandco.fr\/?page_id=44\">Les pr\u00e9cieuses ridicules<\/a><\/li><li class=\"wp-block-pages-list__item has-child \"><a class=\"wp-block-pages-list__item__link\" href=\"https:\/\/benoitandco.fr\/?page_id=158\">\u00c9CRITS \/ PO\u00c9SIES<\/a><ul class=\"wp-block-navigation__submenu-container\"><li class=\"wp-block-pages-list__item \"><a class=\"wp-block-pages-list__item__link\" href=\"https:\/\/benoitandco.fr\/?page_id=68\">3X3 &#8211; Bo\u00eete \u00e0 po\u00e8mes<\/a><\/li><li class=\"wp-block-pages-list__item \"><a class=\"wp-block-pages-list__item__link\" href=\"https:\/\/benoitandco.fr\/?page_id=321\">Chroniques Provinciales<\/a><\/li><li class=\"wp-block-pages-list__item \"><a class=\"wp-block-pages-list__item__link\" href=\"https:\/\/benoitandco.fr\/?page_id=155\">PHOTOS<\/a><\/li><\/ul><\/li><\/ul><\/li><\/ul>\n\n\n<div class=\"wp-block-columns is-layout-flex wp-container-core-columns-is-layout-28f84493 wp-block-columns-is-layout-flex\">\n<div class=\"wp-block-column is-layout-flow wp-block-column-is-layout-flow\" style=\"flex-basis:100%\">\n<div class=\"wp-block-group has-global-padding is-layout-constrained wp-block-group-is-layout-constrained\"><\/div>\n<\/div>\n<\/div>\n","protected":false},"excerpt":{"rendered":"","protected":false},"author":1,"featured_media":0,"parent":0,"menu_order":1,"comment_status":"closed","ping_status":"closed","template":"","meta":{"footnotes":""},"class_list":["post-135","page","type-page","status-publish","hentry"],"_links":{"self":[{"href":"https:\/\/benoitandco.fr\/index.php?rest_route=\/wp\/v2\/pages\/135","targetHints":{"allow":["GET"]}}],"collection":[{"href":"https:\/\/benoitandco.fr\/index.php?rest_route=\/wp\/v2\/pages"}],"about":[{"href":"https:\/\/benoitandco.fr\/index.php?rest_route=\/wp\/v2\/types\/page"}],"author":[{"embeddable":true,"href":"https:\/\/benoitandco.fr\/index.php?rest_route=\/wp\/v2\/users\/1"}],"replies":[{"embeddable":true,"href":"https:\/\/benoitandco.fr\/index.php?rest_route=%2Fwp%2Fv2%2Fcomments&post=135"}],"version-history":[{"count":2,"href":"https:\/\/benoitandco.fr\/index.php?rest_route=\/wp\/v2\/pages\/135\/revisions"}],"predecessor-version":[{"id":150,"href":"https:\/\/benoitandco.fr\/index.php?rest_route=\/wp\/v2\/pages\/135\/revisions\/150"}],"wp:attachment":[{"href":"https:\/\/benoitandco.fr\/index.php?rest_route=%2Fwp%2Fv2%2Fmedia&parent=135"}],"curies":[{"name":"wp","href":"https:\/\/api.w.org\/{rel}","templated":true}]}}