{"id":155,"date":"2024-04-29T10:35:58","date_gmt":"2024-04-29T08:35:58","guid":{"rendered":"http:\/\/benoitandco.fr\/?page_id=155"},"modified":"2026-03-23T16:09:53","modified_gmt":"2026-03-23T15:09:53","slug":"photos","status":"publish","type":"page","link":"https:\/\/benoitandco.fr\/?page_id=155","title":{"rendered":"PHOTOS"},"content":{"rendered":"\n<p>Depuis 2008, Benoit &amp; co envoie par mail &#8220;la photo du mois&#8221; prise par Sylvie  Benoit. Cette photo est accompagn\u00e9e tr\u00e8s souvent d&#8217;un petit texte.<\/p>\n\n\n\n<figure class=\"wp-block-image size-full\"><img loading=\"lazy\" decoding=\"async\" width=\"480\" height=\"640\" src=\"http:\/\/benoitandco.fr\/wp-content\/uploads\/2024\/04\/23-08-08_1914.jpg\" alt=\"\" class=\"wp-image-283\" srcset=\"https:\/\/benoitandco.fr\/wp-content\/uploads\/2024\/04\/23-08-08_1914.jpg 480w, https:\/\/benoitandco.fr\/wp-content\/uploads\/2024\/04\/23-08-08_1914-225x300.jpg 225w\" sizes=\"auto, (max-width: 480px) 100vw, 480px\" \/><\/figure>\n\n\n\n<div data-wp-interactive=\"core\/file\" class=\"wp-block-file\"><object data-wp-bind--hidden=\"!state.hasPdfPreview\" hidden class=\"wp-block-file__embed\" data=\"http:\/\/benoitandco.fr\/wp-content\/uploads\/2024\/04\/mes-poireaux-1.pdf\" type=\"application\/pdf\" style=\"width:100%;height:600px\" aria-label=\"Embed of mes-poireaux-1.\"><\/object><a id=\"wp-block-file--media-f7faabe7-f569-48d5-9722-ebe96191d007\" href=\"http:\/\/benoitandco.fr\/wp-content\/uploads\/2024\/04\/mes-poireaux-1.pdf\">mes-poireaux-1<\/a><a href=\"http:\/\/benoitandco.fr\/wp-content\/uploads\/2024\/04\/mes-poireaux-1.pdf\" class=\"wp-block-file__button wp-element-button\" download aria-describedby=\"wp-block-file--media-f7faabe7-f569-48d5-9722-ebe96191d007\">T\u00e9l\u00e9charger<\/a><\/div>\n\n\n\n<div class=\"wp-block-group is-nowrap is-layout-flex wp-container-core-group-is-layout-6c531013 wp-block-group-is-layout-flex\">\n<div data-wp-interactive=\"core\/file\" class=\"wp-block-file\"><object data-wp-bind--hidden=\"!state.hasPdfPreview\" hidden class=\"wp-block-file__embed\" data=\"http:\/\/benoitandco.fr\/wp-content\/uploads\/2024\/04\/les-bulles-avril-2024-1.pdf\" type=\"application\/pdf\" style=\"width:100%;height:600px\" aria-label=\"Embed of les-bulles-avril-2024-1.\"><\/object><a id=\"wp-block-file--media-5f3a0b2e-0ee9-4f92-b79b-70321737ff4a\" href=\"http:\/\/benoitandco.fr\/wp-content\/uploads\/2024\/04\/les-bulles-avril-2024-1.pdf\">les-bulles-avril-2024-1<\/a><a href=\"http:\/\/benoitandco.fr\/wp-content\/uploads\/2024\/04\/les-bulles-avril-2024-1.pdf\" class=\"wp-block-file__button wp-element-button\" download aria-describedby=\"wp-block-file--media-5f3a0b2e-0ee9-4f92-b79b-70321737ff4a\">T\u00e9l\u00e9charger<\/a><\/div>\n\n\n\n<figure class=\"wp-block-image size-full\"><img loading=\"lazy\" decoding=\"async\" width=\"480\" height=\"640\" src=\"http:\/\/benoitandco.fr\/wp-content\/uploads\/2024\/04\/06-07-08_1124_1.jpg\" alt=\"\" class=\"wp-image-285\" srcset=\"https:\/\/benoitandco.fr\/wp-content\/uploads\/2024\/04\/06-07-08_1124_1.jpg 480w, https:\/\/benoitandco.fr\/wp-content\/uploads\/2024\/04\/06-07-08_1124_1-225x300.jpg 225w\" sizes=\"auto, (max-width: 480px) 100vw, 480px\" \/><\/figure>\n<\/div>\n\n\n\n<div data-wp-interactive=\"core\/file\" class=\"wp-block-file\"><object data-wp-bind--hidden=\"!state.hasPdfPreview\" hidden class=\"wp-block-file__embed\" data=\"http:\/\/benoitandco.fr\/wp-content\/uploads\/2024\/04\/photo-du-mois-de-mai-2015.pdf\" type=\"application\/pdf\" style=\"width:100%;height:600px\" aria-label=\"Embed of photo-du-mois-de-mai-2015.\"><\/object><a id=\"wp-block-file--media-ee4442a8-be17-477a-821b-8d92fb294e4e\" href=\"http:\/\/benoitandco.fr\/wp-content\/uploads\/2024\/04\/photo-du-mois-de-mai-2015.pdf\">photo-du-mois-de-mai-2015<\/a><a href=\"http:\/\/benoitandco.fr\/wp-content\/uploads\/2024\/04\/photo-du-mois-de-mai-2015.pdf\" class=\"wp-block-file__button wp-element-button\" download aria-describedby=\"wp-block-file--media-ee4442a8-be17-477a-821b-8d92fb294e4e\">T\u00e9l\u00e9charger<\/a><\/div>\n\n\n\n<figure class=\"wp-block-image size-full is-resized\"><img loading=\"lazy\" decoding=\"async\" width=\"640\" height=\"480\" src=\"http:\/\/benoitandco.fr\/wp-content\/uploads\/2024\/04\/24-03-08_1632-1.jpg\" alt=\"\" class=\"wp-image-290\" style=\"width:436px;height:auto\" srcset=\"https:\/\/benoitandco.fr\/wp-content\/uploads\/2024\/04\/24-03-08_1632-1.jpg 640w, https:\/\/benoitandco.fr\/wp-content\/uploads\/2024\/04\/24-03-08_1632-1-300x225.jpg 300w\" sizes=\"auto, (max-width: 640px) 100vw, 640px\" \/><\/figure>\n\n\n\n<div data-wp-interactive=\"core\/file\" class=\"wp-block-file\"><object data-wp-bind--hidden=\"!state.hasPdfPreview\" hidden class=\"wp-block-file__embed\" data=\"http:\/\/benoitandco.fr\/wp-content\/uploads\/2024\/04\/Paris-mars-2016-1.pdf\" type=\"application\/pdf\" style=\"width:100%;height:600px\" aria-label=\"Embed of Paris-mars-2016-1.\"><\/object><a id=\"wp-block-file--media-0275a2c3-162f-4111-9f74-de82cfff94fd\" href=\"http:\/\/benoitandco.fr\/wp-content\/uploads\/2024\/04\/Paris-mars-2016-1.pdf\">Paris-mars-2016-1<\/a><a href=\"http:\/\/benoitandco.fr\/wp-content\/uploads\/2024\/04\/Paris-mars-2016-1.pdf\" class=\"wp-block-file__button wp-element-button\" download aria-describedby=\"wp-block-file--media-0275a2c3-162f-4111-9f74-de82cfff94fd\">T\u00e9l\u00e9charger<\/a><\/div>\n\n\n\n<p>Janvier 2017 : encore une fois il n\u2019est question que de trous :<\/p>\n\n\n\n<figure class=\"wp-block-image size-large is-resized\"><img loading=\"lazy\" decoding=\"async\" width=\"1024\" height=\"576\" src=\"http:\/\/benoitandco.fr\/wp-content\/uploads\/2024\/04\/P1250858-1024x576.jpg\" alt=\"\" class=\"wp-image-275\" style=\"width:396px;height:auto\" srcset=\"https:\/\/benoitandco.fr\/wp-content\/uploads\/2024\/04\/P1250858-1024x576.jpg 1024w, https:\/\/benoitandco.fr\/wp-content\/uploads\/2024\/04\/P1250858-300x169.jpg 300w, https:\/\/benoitandco.fr\/wp-content\/uploads\/2024\/04\/P1250858-768x432.jpg 768w, https:\/\/benoitandco.fr\/wp-content\/uploads\/2024\/04\/P1250858.jpg 1280w\" sizes=\"auto, (max-width: 1024px) 100vw, 1024px\" \/><\/figure>\n\n\n\n<p>(pour rafraichir votre m\u00e9moire, je remets en fin de mail la photo de 2009) le prix d\u2019un casque augmente avec le nombre de trous et celui-ci en a 17<br>(tant mieux : je l\u2019ai achet\u00e9 en 2017)<br>Le tout est de &nbsp;savoir si l\u2019on veut \u00eatre au frais ou non :<br>mais en hiver\u2026 selon l\u2019endroit du trou on a un petit courant d\u2019air tr\u00e8s tr\u00e8s tr\u00e8s frais<br>volatilement v\u00f4tre,   <\/p>\n\n\n\n<p>en <strong>2009<\/strong> :<\/p>\n\n\n\n<figure class=\"wp-block-image size-full is-resized\"><img loading=\"lazy\" decoding=\"async\" width=\"640\" height=\"480\" src=\"http:\/\/benoitandco.fr\/wp-content\/uploads\/2024\/04\/03-09-08_1308.jpg\" alt=\"\" class=\"wp-image-277\" style=\"width:344px;height:auto\" srcset=\"https:\/\/benoitandco.fr\/wp-content\/uploads\/2024\/04\/03-09-08_1308.jpg 640w, https:\/\/benoitandco.fr\/wp-content\/uploads\/2024\/04\/03-09-08_1308-300x225.jpg 300w\" sizes=\"auto, (max-width: 640px) 100vw, 640px\" \/><\/figure>\n\n\n\n<p>Chez mon cordonnier<br>photo de l&#8217;\u00e9t\u00e9 dernier :<br>probl\u00e8me de talon.<br>Cet \u00e9t\u00e9 retour pour sandalette<br>o\u00f9 il me fallait deux trous<br>pour ne plus les perdre.<br>Mon cordonnier<br>c&#8217;est un super cordonnier<br>toujours pr\u00eat \u00e0 me sauver<br>et il ne me fait pas toujours payer<br>mais il faut discuter<br>et cette ann\u00e9e<br>c&#8217;est l&#8217;histoire de la femme enceinte de 12 b\u00e9b\u00e9s.<br>Pour lui, tout est question de trous.<\/p>\n\n\n\n<figure class=\"wp-block-image size-full is-resized\"><img loading=\"lazy\" decoding=\"async\" width=\"640\" height=\"360\" src=\"http:\/\/benoitandco.fr\/wp-content\/uploads\/2024\/04\/P1150453.jpg\" alt=\"\" class=\"wp-image-297\" style=\"width:448px;height:auto\" srcset=\"https:\/\/benoitandco.fr\/wp-content\/uploads\/2024\/04\/P1150453.jpg 640w, https:\/\/benoitandco.fr\/wp-content\/uploads\/2024\/04\/P1150453-300x169.jpg 300w\" sizes=\"auto, (max-width: 640px) 100vw, 640px\" \/><\/figure>\n\n\n\n<figure class=\"wp-block-image size-large is-resized\"><img loading=\"lazy\" decoding=\"async\" width=\"683\" height=\"1024\" src=\"http:\/\/benoitandco.fr\/wp-content\/uploads\/2024\/04\/IMAG0961-683x1024.jpg\" alt=\"\" class=\"wp-image-299\" style=\"width:509px;height:auto\" srcset=\"https:\/\/benoitandco.fr\/wp-content\/uploads\/2024\/04\/IMAG0961-683x1024.jpg 683w, https:\/\/benoitandco.fr\/wp-content\/uploads\/2024\/04\/IMAG0961-200x300.jpg 200w, https:\/\/benoitandco.fr\/wp-content\/uploads\/2024\/04\/IMAG0961.jpg 720w\" sizes=\"auto, (max-width: 683px) 100vw, 683px\" \/><\/figure>\n\n\n\n<div data-wp-interactive=\"core\/file\" class=\"wp-block-file\"><object data-wp-bind--hidden=\"!state.hasPdfPreview\" hidden class=\"wp-block-file__embed\" data=\"http:\/\/benoitandco.fr\/wp-content\/uploads\/2024\/04\/photo-du-mois-octobre-2018-Pourquoi-.pdf\" type=\"application\/pdf\" style=\"width:100%;height:600px\" aria-label=\"Embed of photo-du-mois-octobre-2018-Pourquoi-.\"><\/object><a id=\"wp-block-file--media-878d60f6-7fbb-40bb-9397-e2b2fdbb1e0f\" href=\"http:\/\/benoitandco.fr\/wp-content\/uploads\/2024\/04\/photo-du-mois-octobre-2018-Pourquoi-.pdf\">photo-du-mois-octobre-2018-Pourquoi-<\/a><a href=\"http:\/\/benoitandco.fr\/wp-content\/uploads\/2024\/04\/photo-du-mois-octobre-2018-Pourquoi-.pdf\" class=\"wp-block-file__button wp-element-button\" download aria-describedby=\"wp-block-file--media-878d60f6-7fbb-40bb-9397-e2b2fdbb1e0f\">T\u00e9l\u00e9charger<\/a><\/div>\n\n\n\n<figure class=\"wp-block-image size-full\"><img loading=\"lazy\" decoding=\"async\" width=\"640\" height=\"360\" src=\"http:\/\/benoitandco.fr\/wp-content\/uploads\/2024\/04\/P1120120.jpg\" alt=\"\" class=\"wp-image-303\" srcset=\"https:\/\/benoitandco.fr\/wp-content\/uploads\/2024\/04\/P1120120.jpg 640w, https:\/\/benoitandco.fr\/wp-content\/uploads\/2024\/04\/P1120120-300x169.jpg 300w\" sizes=\"auto, (max-width: 640px) 100vw, 640px\" \/><\/figure>\n\n\n\n<figure class=\"wp-block-image size-large\"><img loading=\"lazy\" decoding=\"async\" width=\"1024\" height=\"768\" src=\"http:\/\/benoitandco.fr\/wp-content\/uploads\/2024\/04\/P1140100_2-1024x768.jpg\" alt=\"\" class=\"wp-image-302\" srcset=\"https:\/\/benoitandco.fr\/wp-content\/uploads\/2024\/04\/P1140100_2-1024x768.jpg 1024w, https:\/\/benoitandco.fr\/wp-content\/uploads\/2024\/04\/P1140100_2-300x225.jpg 300w, https:\/\/benoitandco.fr\/wp-content\/uploads\/2024\/04\/P1140100_2-768x576.jpg 768w, https:\/\/benoitandco.fr\/wp-content\/uploads\/2024\/04\/P1140100_2.jpg 1280w\" sizes=\"auto, (max-width: 1024px) 100vw, 1024px\" \/><\/figure>\n\n\n\n<figure class=\"wp-block-image size-full\"><img loading=\"lazy\" decoding=\"async\" width=\"640\" height=\"480\" src=\"http:\/\/benoitandco.fr\/wp-content\/uploads\/2024\/05\/New-York-2.jpg\" alt=\"\" class=\"wp-image-345\" srcset=\"https:\/\/benoitandco.fr\/wp-content\/uploads\/2024\/05\/New-York-2.jpg 640w, https:\/\/benoitandco.fr\/wp-content\/uploads\/2024\/05\/New-York-2-300x225.jpg 300w\" sizes=\"auto, (max-width: 640px) 100vw, 640px\" \/><\/figure>\n\n\n\n<figure class=\"wp-block-image size-large is-resized\"><img loading=\"lazy\" decoding=\"async\" width=\"1024\" height=\"768\" src=\"http:\/\/benoitandco.fr\/wp-content\/uploads\/2024\/05\/terrain-de-boules-1024x768.jpg\" alt=\"\" class=\"wp-image-377\" style=\"width:443px;height:auto\" srcset=\"https:\/\/benoitandco.fr\/wp-content\/uploads\/2024\/05\/terrain-de-boules-1024x768.jpg 1024w, https:\/\/benoitandco.fr\/wp-content\/uploads\/2024\/05\/terrain-de-boules-300x225.jpg 300w, https:\/\/benoitandco.fr\/wp-content\/uploads\/2024\/05\/terrain-de-boules-768x576.jpg 768w, https:\/\/benoitandco.fr\/wp-content\/uploads\/2024\/05\/terrain-de-boules.jpg 1280w\" sizes=\"auto, (max-width: 1024px) 100vw, 1024px\" \/><\/figure>\n\n\n\n<div data-wp-interactive=\"core\/file\" class=\"wp-block-file\"><object data-wp-bind--hidden=\"!state.hasPdfPreview\" hidden class=\"wp-block-file__embed\" data=\"https:\/\/benoitandco.fr\/wp-content\/uploads\/2026\/03\/photo-janvier-2026-pauvre-de-moi.pdf\" type=\"application\/pdf\" style=\"width:100%;height:600px\" aria-label=\"Embed of photo janvier 2026, pauvre de moi.\"><\/object><a id=\"wp-block-file--media-275765e4-eba6-430a-b9b1-e5f775a779b9\" href=\"https:\/\/benoitandco.fr\/wp-content\/uploads\/2026\/03\/photo-janvier-2026-pauvre-de-moi.pdf\">photo janvier 2026, pauvre de moi<\/a><a href=\"https:\/\/benoitandco.fr\/wp-content\/uploads\/2026\/03\/photo-janvier-2026-pauvre-de-moi.pdf\" class=\"wp-block-file__button wp-element-button\" download aria-describedby=\"wp-block-file--media-275765e4-eba6-430a-b9b1-e5f775a779b9\">Download<\/a><\/div>\n\n\n\n<div data-wp-interactive=\"core\/file\" class=\"wp-block-file\"><object data-wp-bind--hidden=\"!state.hasPdfPreview\" hidden class=\"wp-block-file__embed\" data=\"https:\/\/benoitandco.fr\/wp-content\/uploads\/2026\/03\/le-lendemain.pdf\" type=\"application\/pdf\" style=\"width:100%;height:600px\" aria-label=\"Embed of le lendemain.\"><\/object><a id=\"wp-block-file--media-a095c2f4-ca79-40e1-96a7-7d2bb9f78bec\" href=\"https:\/\/benoitandco.fr\/wp-content\/uploads\/2026\/03\/le-lendemain.pdf\">le lendemain<\/a><a href=\"https:\/\/benoitandco.fr\/wp-content\/uploads\/2026\/03\/le-lendemain.pdf\" class=\"wp-block-file__button wp-element-button\" download aria-describedby=\"wp-block-file--media-a095c2f4-ca79-40e1-96a7-7d2bb9f78bec\">Download<\/a><\/div>\n\n\n\n<div data-wp-interactive=\"core\/file\" class=\"wp-block-file\"><object data-wp-bind--hidden=\"!state.hasPdfPreview\" hidden class=\"wp-block-file__embed\" data=\"https:\/\/benoitandco.fr\/wp-content\/uploads\/2026\/03\/photo-du-mois-rayon-de-soleil.pdf\" type=\"application\/pdf\" style=\"width:100%;height:600px\" aria-label=\"Embed of photo du mois rayon de soleil.\"><\/object><a id=\"wp-block-file--media-c5cc1569-fbbe-4dbc-bf0b-b3cce7ee51ff\" href=\"https:\/\/benoitandco.fr\/wp-content\/uploads\/2026\/03\/photo-du-mois-rayon-de-soleil.pdf\">photo du mois rayon de soleil<\/a><a href=\"https:\/\/benoitandco.fr\/wp-content\/uploads\/2026\/03\/photo-du-mois-rayon-de-soleil.pdf\" class=\"wp-block-file__button wp-element-button\" download aria-describedby=\"wp-block-file--media-c5cc1569-fbbe-4dbc-bf0b-b3cce7ee51ff\">Download<\/a><\/div>\n\n\n\n<div data-wp-interactive=\"core\/file\" class=\"wp-block-file\"><object data-wp-bind--hidden=\"!state.hasPdfPreview\" hidden class=\"wp-block-file__embed\" data=\"https:\/\/benoitandco.fr\/wp-content\/uploads\/2026\/03\/photo-du-mois-Janvier-24-le-detail-qui-tue.pdf\" type=\"application\/pdf\" style=\"width:100%;height:600px\" aria-label=\"Embed of photo du mois Janvier 24 - le de\u0301tail qui tue.\"><\/object><a id=\"wp-block-file--media-0f25c69d-d47d-48cd-9141-afd16cdf9821\" href=\"https:\/\/benoitandco.fr\/wp-content\/uploads\/2026\/03\/photo-du-mois-Janvier-24-le-detail-qui-tue.pdf\">photo du mois Janvier 24 &#8211; le de\u0301tail qui tue<\/a><a href=\"https:\/\/benoitandco.fr\/wp-content\/uploads\/2026\/03\/photo-du-mois-Janvier-24-le-detail-qui-tue.pdf\" class=\"wp-block-file__button wp-element-button\" download aria-describedby=\"wp-block-file--media-0f25c69d-d47d-48cd-9141-afd16cdf9821\">Download<\/a><\/div>\n","protected":false},"excerpt":{"rendered":"<p>Depuis 2008, Benoit &amp; co envoie par mail &#8220;la photo du mois&#8221; prise par Sylvie Benoit. Cette photo est accompagn\u00e9e tr\u00e8s souvent d&#8217;un petit texte. Janvier 2017 : encore une fois il n\u2019est question que de trous : (pour rafraichir votre m\u00e9moire, je remets en fin de mail la photo de 2009) le prix d\u2019un [&hellip;]<\/p>\n","protected":false},"author":1,"featured_media":0,"parent":158,"menu_order":41,"comment_status":"closed","ping_status":"closed","template":"","meta":{"footnotes":""},"class_list":["post-155","page","type-page","status-publish","hentry"],"_links":{"self":[{"href":"https:\/\/benoitandco.fr\/index.php?rest_route=\/wp\/v2\/pages\/155","targetHints":{"allow":["GET"]}}],"collection":[{"href":"https:\/\/benoitandco.fr\/index.php?rest_route=\/wp\/v2\/pages"}],"about":[{"href":"https:\/\/benoitandco.fr\/index.php?rest_route=\/wp\/v2\/types\/page"}],"author":[{"embeddable":true,"href":"https:\/\/benoitandco.fr\/index.php?rest_route=\/wp\/v2\/users\/1"}],"replies":[{"embeddable":true,"href":"https:\/\/benoitandco.fr\/index.php?rest_route=%2Fwp%2Fv2%2Fcomments&post=155"}],"version-history":[{"count":22,"href":"https:\/\/benoitandco.fr\/index.php?rest_route=\/wp\/v2\/pages\/155\/revisions"}],"predecessor-version":[{"id":451,"href":"https:\/\/benoitandco.fr\/index.php?rest_route=\/wp\/v2\/pages\/155\/revisions\/451"}],"up":[{"embeddable":true,"href":"https:\/\/benoitandco.fr\/index.php?rest_route=\/wp\/v2\/pages\/158"}],"wp:attachment":[{"href":"https:\/\/benoitandco.fr\/index.php?rest_route=%2Fwp%2Fv2%2Fmedia&parent=155"}],"curies":[{"name":"wp","href":"https:\/\/api.w.org\/{rel}","templated":true}]}}