{"id":186,"date":"2024-04-29T14:43:18","date_gmt":"2024-04-29T12:43:18","guid":{"rendered":"http:\/\/benoitandco.fr\/?page_id=186"},"modified":"2024-05-14T18:26:06","modified_gmt":"2024-05-14T16:26:06","slug":"st-narcisse-le-14-juillet","status":"publish","type":"page","link":"https:\/\/benoitandco.fr\/?page_id=186","title":{"rendered":"St Narcisse &amp; le 14 juillet"},"content":{"rendered":"\n<p class=\"has-small-font-size\">\u00e0 l&#8217;occasion de la f\u00eate de St Narcisse, Alain Snyers et Daniel Daligand ont provoqu\u00e9 une r\u00e9union d&#8217;artistes autour de ce th\u00e8me. Ces derni\u00e8res ann\u00e9es, le lieu a \u00e9t\u00e9 l&#8217;enseigne des Oudins.<\/p>\n\n\n\n<p class=\"has-small-font-size\">Ces m\u00eames artistes se retrouvent \u00e9galement autour de la tombe de Raymond Roussel, le 14 juillet de chaque ann\u00e9e, \u00e0 partir de l&#8217;initiative de Gianni Bro\u00ef, italien, qui a cr\u00e9\u00e9 cette comm\u00e9moration.<\/p>\n\n\n\n<figure class=\"wp-block-gallery has-nested-images columns-default is-cropped wp-block-gallery-1 is-layout-flex wp-block-gallery-is-layout-flex\">\n<figure class=\"wp-block-image size-large is-resized\"><img loading=\"lazy\" decoding=\"async\" width=\"765\" height=\"1024\" data-id=\"190\" src=\"http:\/\/benoitandco.fr\/wp-content\/uploads\/2024\/04\/Capture-decran-2024-04-29-a-14.35.05-765x1024.png\" alt=\"\" class=\"wp-image-190\" style=\"width:338px;height:auto\" srcset=\"https:\/\/benoitandco.fr\/wp-content\/uploads\/2024\/04\/Capture-decran-2024-04-29-a-14.35.05-765x1024.png 765w, https:\/\/benoitandco.fr\/wp-content\/uploads\/2024\/04\/Capture-decran-2024-04-29-a-14.35.05-224x300.png 224w, https:\/\/benoitandco.fr\/wp-content\/uploads\/2024\/04\/Capture-decran-2024-04-29-a-14.35.05-768x1028.png 768w, https:\/\/benoitandco.fr\/wp-content\/uploads\/2024\/04\/Capture-decran-2024-04-29-a-14.35.05.png 886w\" sizes=\"auto, (max-width: 765px) 100vw, 765px\" \/><\/figure>\n<\/figure>\n\n\n\n<div data-wp-interactive=\"core\/file\" class=\"wp-block-file\"><object data-wp-bind--hidden=\"!state.hasPdfPreview\" hidden class=\"wp-block-file__embed\" data=\"http:\/\/benoitandco.fr\/wp-content\/uploads\/2024\/04\/Pe-re_Lachise-2023-fiche-souvenir.pdf\" type=\"application\/pdf\" style=\"width:100%;height:600px\" aria-label=\"Embed of Pe-re_Lachise-2023-fiche-souvenir.\"><\/object><a id=\"wp-block-file--media-2319c30d-0d8f-4691-b25e-94e6c2efca26\" href=\"http:\/\/benoitandco.fr\/wp-content\/uploads\/2024\/04\/Pe-re_Lachise-2023-fiche-souvenir.pdf\">Pe-re_Lachise-2023-fiche-souvenir<\/a><a href=\"http:\/\/benoitandco.fr\/wp-content\/uploads\/2024\/04\/Pe-re_Lachise-2023-fiche-souvenir.pdf\" class=\"wp-block-file__button wp-element-button\" download aria-describedby=\"wp-block-file--media-2319c30d-0d8f-4691-b25e-94e6c2efca26\">T\u00e9l\u00e9charger<\/a><\/div>\n\n\n\n<figure class=\"wp-block-image size-large is-resized\"><img loading=\"lazy\" decoding=\"async\" width=\"1024\" height=\"575\" src=\"http:\/\/benoitandco.fr\/wp-content\/uploads\/2024\/04\/Sylvie_Benoit-2-1024x575.jpg\" alt=\"\" class=\"wp-image-194\" style=\"width:277px;height:auto\" srcset=\"https:\/\/benoitandco.fr\/wp-content\/uploads\/2024\/04\/Sylvie_Benoit-2-1024x575.jpg 1024w, https:\/\/benoitandco.fr\/wp-content\/uploads\/2024\/04\/Sylvie_Benoit-2-300x168.jpg 300w, https:\/\/benoitandco.fr\/wp-content\/uploads\/2024\/04\/Sylvie_Benoit-2-768x431.jpg 768w, https:\/\/benoitandco.fr\/wp-content\/uploads\/2024\/04\/Sylvie_Benoit-2-1536x862.jpg 1536w, https:\/\/benoitandco.fr\/wp-content\/uploads\/2024\/04\/Sylvie_Benoit-2-2048x1150.jpg 2048w\" sizes=\"auto, (max-width: 1024px) 100vw, 1024px\" \/><\/figure>\n\n\n\n<figure class=\"wp-block-image size-large is-resized\"><img loading=\"lazy\" decoding=\"async\" width=\"768\" height=\"1024\" src=\"http:\/\/benoitandco.fr\/wp-content\/uploads\/2024\/04\/Benoit-2023-9-768x1024.jpg\" alt=\"\" class=\"wp-image-196\" style=\"width:352px;height:auto\" srcset=\"https:\/\/benoitandco.fr\/wp-content\/uploads\/2024\/04\/Benoit-2023-9-768x1024.jpg 768w, https:\/\/benoitandco.fr\/wp-content\/uploads\/2024\/04\/Benoit-2023-9-225x300.jpg 225w, https:\/\/benoitandco.fr\/wp-content\/uploads\/2024\/04\/Benoit-2023-9-1152x1536.jpg 1152w, https:\/\/benoitandco.fr\/wp-content\/uploads\/2024\/04\/Benoit-2023-9-1536x2048.jpg 1536w, https:\/\/benoitandco.fr\/wp-content\/uploads\/2024\/04\/Benoit-2023-9-scaled.jpg 1920w\" sizes=\"auto, (max-width: 768px) 100vw, 768px\" \/><\/figure>\n\n\n\n<figure class=\"wp-block-image size-large\"><img loading=\"lazy\" decoding=\"async\" width=\"679\" height=\"1024\" src=\"http:\/\/benoitandco.fr\/wp-content\/uploads\/2024\/04\/S.Benoit-S.Bernardt-5-679x1024.jpg\" alt=\"\" class=\"wp-image-201\" srcset=\"https:\/\/benoitandco.fr\/wp-content\/uploads\/2024\/04\/S.Benoit-S.Bernardt-5-679x1024.jpg 679w, https:\/\/benoitandco.fr\/wp-content\/uploads\/2024\/04\/S.Benoit-S.Bernardt-5-199x300.jpg 199w, https:\/\/benoitandco.fr\/wp-content\/uploads\/2024\/04\/S.Benoit-S.Bernardt-5-768x1158.jpg 768w, https:\/\/benoitandco.fr\/wp-content\/uploads\/2024\/04\/S.Benoit-S.Bernardt-5-1019x1536.jpg 1019w, https:\/\/benoitandco.fr\/wp-content\/uploads\/2024\/04\/S.Benoit-S.Bernardt-5-1359x2048.jpg 1359w, https:\/\/benoitandco.fr\/wp-content\/uploads\/2024\/04\/S.Benoit-S.Bernardt-5-scaled.jpg 1698w\" sizes=\"auto, (max-width: 679px) 100vw, 679px\" \/><\/figure>\n\n\n\n<p>(photos Alain Snyers)<\/p>\n","protected":false},"excerpt":{"rendered":"<p>\u00e0 l&#8217;occasion de la f\u00eate de St Narcisse, Alain Snyers et Daniel Daligand ont provoqu\u00e9 une r\u00e9union d&#8217;artistes autour de ce th\u00e8me. Ces derni\u00e8res ann\u00e9es, le lieu a \u00e9t\u00e9 l&#8217;enseigne des Oudins. Ces m\u00eames artistes se retrouvent \u00e9galement autour de la tombe de Raymond Roussel, le 14 juillet de chaque ann\u00e9e, \u00e0 partir de l&#8217;initiative [&hellip;]<\/p>\n","protected":false},"author":1,"featured_media":0,"parent":135,"menu_order":8,"comment_status":"closed","ping_status":"closed","template":"","meta":{"footnotes":""},"class_list":["post-186","page","type-page","status-publish","hentry"],"_links":{"self":[{"href":"https:\/\/benoitandco.fr\/index.php?rest_route=\/wp\/v2\/pages\/186","targetHints":{"allow":["GET"]}}],"collection":[{"href":"https:\/\/benoitandco.fr\/index.php?rest_route=\/wp\/v2\/pages"}],"about":[{"href":"https:\/\/benoitandco.fr\/index.php?rest_route=\/wp\/v2\/types\/page"}],"author":[{"embeddable":true,"href":"https:\/\/benoitandco.fr\/index.php?rest_route=\/wp\/v2\/users\/1"}],"replies":[{"embeddable":true,"href":"https:\/\/benoitandco.fr\/index.php?rest_route=%2Fwp%2Fv2%2Fcomments&post=186"}],"version-history":[{"count":7,"href":"https:\/\/benoitandco.fr\/index.php?rest_route=\/wp\/v2\/pages\/186\/revisions"}],"predecessor-version":[{"id":420,"href":"https:\/\/benoitandco.fr\/index.php?rest_route=\/wp\/v2\/pages\/186\/revisions\/420"}],"up":[{"embeddable":true,"href":"https:\/\/benoitandco.fr\/index.php?rest_route=\/wp\/v2\/pages\/135"}],"wp:attachment":[{"href":"https:\/\/benoitandco.fr\/index.php?rest_route=%2Fwp%2Fv2%2Fmedia&parent=186"}],"curies":[{"name":"wp","href":"https:\/\/api.w.org\/{rel}","templated":true}]}}