{"id":2,"date":"2024-03-17T08:19:36","date_gmt":"2024-03-17T07:19:36","guid":{"rendered":"http:\/\/benoitandco.fr\/?page_id=2"},"modified":"2024-04-30T07:54:41","modified_gmt":"2024-04-30T05:54:41","slug":"page-d-exemple","status":"publish","type":"page","link":"https:\/\/benoitandco.fr\/?page_id=2","title":{"rendered":"\u00e0 propos&#8230;"},"content":{"rendered":"\n<p><strong>Benoit &amp; co<\/strong> est une structure associative cr\u00e9\u00e9e en 1982 pour favoriser les liens entre tous les arts et leurs expressions, \u00e0 destination du spectacle vivant. Depuis, une vingtaine de spectacles ont vu le jour, cr\u00e9ations th\u00e9\u00e2trales ou textes peu souvent jou\u00e9s dans des collectivit\u00e9s et une trentaine de com\u00e9diens ont pu donc travailler r\u00e9guli\u00e8rement hors des sentiers battus des th\u00e9\u00e2tres officiels.\u00a0 Les cr\u00e9ations l\u2019ont \u00e9t\u00e9 \u00e0 partir des textes de Sylvie Benoit, ou avec des choix de po\u00e9sies, mais certaines ont \u00e9t\u00e9 provoqu\u00e9es par les demandes de festivals, de f\u00eates de quartier.<\/p>\n\n\n\n<p>L&#8217;onglet PHOTOS concerne uniquement les photos prises par Sylvie Benoit.<\/p>\n\n\n\n<p>&nbsp;= = = =<\/p>\n\n\n\n<p>Depuis 2020 tous nos spectacles ne sont plus propos\u00e9s en raison du COVID, aussi nous n&#8217;avons pas renouvel\u00e9 notre licence d&#8217;entrepreneur de spectacles. Nous avons repris avec des installations et des performances \u00e0 partir de juillet 2021 mais malheureusement aucun spectacle de th\u00e9\u00e2tre qui tourne dans les maisons de retraite.<\/p>\n\n\n\n<p>\u2014\u2014-<\/p>\n\n\n\n<p>en 2017 :<\/p>\n\n\n\n<p>RECITS ENTRE DEUX \u2013 contes divers<\/p>\n\n\n\n<p>&nbsp;et les 24 et 25 mars 17<\/p>\n\n\n\n<p>\u00e0 20H30<\/p>\n\n\n\n<p>&nbsp;<strong>\u201cNuage au-del\u00e0 du chemin blanc\u201d<\/strong> soir\u00e9e po\u00e9tique avec les tableaux de Shin Shimizu et Mireille Roustit, pour le Printemps des po\u00e8tes 2017.<\/p>\n\n\n\n<p>===== &nbsp; ==== &nbsp; ===&nbsp; == &nbsp; =<\/p>\n\n\n\n<p>Parmi les diff\u00e9rentes cr\u00e9ations, il y a eu :<\/p>\n\n\n\n<p>\u00ab <strong>Mais o\u00f9 est Descartes ?<\/strong> \u00bb&nbsp; pour 4 acteurs, jou\u00e9 \u00e9galement pour le public lyc\u00e9en,\u00ab<strong> le Joueur de Fl\u00fbte <\/strong>\u00bb avec 10 com\u00e9diens et marionnettes, spectacle jou\u00e9 en plein air dans des jardins publics, repris deux ann\u00e9e de suite,\u00ab Le Veilleur de nuit \u00bb, 4 acteurs avec rideau sp\u00e9cialement peint, pi\u00e8ce de jeunesse de S. Guitry jou\u00e9e dans les maisons de retraite, et mise en sc\u00e8ne revue en 2011\u00ab D\u00e9rives en M\u00e9diterran\u00e9e en partant de M\u00e9nilmontant \u00bb spectacle de contes sur les femmes corsaires, avec Jany Baudet\u00ab <strong>Une histoire vraie<\/strong> \u00bb th\u00e9\u00e2tre (\u00e0 partir d\u2019un conte d\u2019Andersen) jou\u00e9 \u00e0 partir de balcons par 4 com\u00e9diennes et une en bas au milieu du public,<strong>\u00ab don Quichotte-tome 1 \u00bb<\/strong> adaptation de l\u2019errance de Cervantes avec 6 com\u00e9diens et sculptures, jou\u00e9e en plein air,\u00ab <strong>Graffitis Sonores&nbsp; <\/strong>\u00bb Installation sonore dans les toilettes pour hommes (textes enregistr\u00e9s par 6 voix f\u00e9minines), \u00e0 Naples (consulat fran\u00e7ais), \u00e0 Salerno (SMC05), au festival Archipel 06 (Gen\u00e8ve), \u00e0 Paris dans divers bars, etc\u2026\u00ab Passions de la Passion \u00bb, performance avec quinze com\u00e9diens, chanteurs, 5 peintres et sculpteurs, 1 organiste,\u2026,&nbsp; pour reprendre l\u2019id\u00e9e des Myst\u00e8res du Moyen-\u00c2ge avec le chemin de croix et les po\u00e8mes baroques du XVI\u00e8me si\u00e8cle,\u00ab <strong>Que des histoires\u2026. <\/strong>\u00bb pi\u00e8ce en 3 actes jou\u00e9e dans l\u2019atelier du peintre Shin Shimizu\u00ab XXage \u00bb happening dans le cadre Nuit Blanche 2010 avec le projet LuXXe g\u00e9r\u00e9 par Benoit &amp; Co, \u201c<strong>D\u00e9rives jardin\/lit\/salon<\/strong>\u201d&nbsp; pi\u00e8ce en trois actes sur la vie de Mme de Sta\u00ebl, cr\u00e9ation en 2012&nbsp; au RIVOLI (avec PAN Total) et aux Jardins du G\u00e9nie de la Bastille. \u201c<strong>L\u2019aiguille dans la botte de foin<\/strong>\u201d \u2013 happening cr\u00e9\u00e9 en 2014.<\/p>\n\n\n\n<p>En d\u00e9cembre 2015&nbsp; : un \u00e9pisode d\u2019ALICE- \u00e9criture \u00e0 partir du texte de Lewis Carroll \u201cAlice au Pays des Merveilles\u201d, <strong>\u201cLa complainte de la duchesse\u201d.<\/strong>En mars 2016 :&nbsp; la BO\u00ceTE \u00c0 PO\u00c8MES dans 3 lieux !! avec le Printemps des Po\u00e8tes 2016. (voir la page&nbsp; 3X3)<\/p>\n\n\n\n<p>Septembre 2016 : cr\u00e9ation de <strong>La femme aux valises<\/strong> dans le square de la Roquette, suivi en octobre 2016 par <strong>La Femme au drapeau<\/strong>, pour la derni\u00e8re soir\u00e9e Frasq consacr\u00e9e \u00e0 l\u2019anniversaire du cabaret Voltaire.<\/p>\n\n\n\n<p><strong>le 10 f\u00e9vrier 2017<\/strong> avec <strong>La femme \u00e0 rebours<\/strong> (remettre les compteurs \u00e0 z\u00e9ro) dans la galerie Satellite.<\/p>\n\n\n\n<p>Dans ce blog, vous ne trouverez pas tout ! Mais n\u2019h\u00e9sitez pas \u00e0 nous \u00e9crire si vous voulez plus de renseignements.<\/p>\n\n\n\n<p>D\u2019autre part, plusieurs spectacles de nature plus \u00ab classique \u00bb tels que des pi\u00e8ces de Musset et de Feydeau ont \u00e9t\u00e9 vendus r\u00e9guli\u00e8rement pour les clubs du troisi\u00e8me \u00e2ge, public qui ne se d\u00e9place plus le soir, pour leur permettre d\u2019acc\u00e9der \u00e0 un r\u00e9pertoire avec un dispositif sc\u00e9nique \u2013 sans oublier les Pr\u00e9cieuses Ridicules qui sont all\u00e9es en Avignon d\u00e9j\u00e0 deux fois gr\u00e2ce \u00e0 Ga\u00ebl Albespy. Mais les formalit\u00e9s juridiques \u00e0 remplir et les conditions tarifaires propos\u00e9es par les clubs dits du 3\u00e8me \u00e2ge sont devenues trop drastiques pour continuer.<\/p>\n\n\n\n<p><strong>courrier \u00e9lectronique : benoitandco ( at ) laposte.net<\/strong><\/p>\n\n\n\n<p><strong>Benoit &amp; Co<\/strong><\/p>\n\n\n\n<p>Benoit &amp; Co is an association founded in 1982 that promotes connections among different forms of art and expression for live performances.&nbsp; Since its creation a dozen performances have been created.&nbsp; Theatrical creations or texts often left by the wayside have been performed in different communities making it possible for approximately thirty actors to work on a regular basis beyond the traditional theater circuit.&nbsp; While many of the creations were based on the writing of Sylvie Benoit, others came about through the requests of festivals and neighborhood parties.&nbsp; Among the most recently performed performances:<br>\u2022&nbsp; &nbsp; Mais o\u00f9 est Descartes?&nbsp; For 4 actors, also performed for a young public,<br>\u2022&nbsp; &nbsp; le Joueur de Fl\u00fbte with 10 performers and marionettes, performed outdoors in public gardens, revived consecutive two years,<br>\u2022&nbsp; &nbsp; Le Veilleur de nuit, 4 actors with a specially painted curtain, a work written by S. Guitry during his early years, performed in nursing homes,<br>\u2022&nbsp; &nbsp; D\u00e9rives en M\u00e9diterran\u00e9e en partant de M\u00e9nilmontant performance of tales of female privateers,<br>\u2022&nbsp; &nbsp; Une histoire vraie th\u00e9\u00e2tre (based on Andersen\u2019s fairy tales) performed by 4 actresses on balconies and below, surrouded by the audience,<br>\u2022&nbsp; &nbsp; don Quichotte-tome 1 adaptation of Cervantes\u2019 wanderings performed by 6 actors and sculptures, performed in the open,<br>\u2022&nbsp; &nbsp; Sound installation in the men\u2019s toilets with \u201cSound Graffiti\u201d (recording of 6 women\u2019s voices reading texts) in Naples (French Consulate), Salerno (SMC05), at the Festival Archipel 06 (Geneva), etc.<br>\u2022&nbsp; &nbsp; Passions de la Passion, performance with fifteen actors, singers, 5 paintings and sculptures, 1 organ player\u2026 to recapture the ideas of medieval mystery plays with the Stations of the Cross and Baroque poems of the 16th century.<br>\u2022&nbsp; &nbsp; Midsummer Festival (F\u00eate des Feux de la St Jean), etc.<\/p>\n\n\n\n<p>\u2022 \u201cl\u2019aiguille dans la botte de foin\u201d happening: Ada Lovelace is really looking for a needle in a haystack\u2026 because of her children with their inappropriate jokes.<br>Benoit &amp; Co also performs more \u201ctraditional\u201d plays such as the works of de Musset and Feydeau frequently for senior citizen clubs\u2014an audience that cannot always go out in the evenings\u2014so that they can take advantage of this repertoire in a theatrical setting.<\/p>\n\n\n\n<p>ALICE\/ La complainte de la Duchesse&nbsp; performed in December 2015, and January 2016&nbsp; at Issy les Moulineaux\u2026&nbsp; March 16, on the 18-19&amp;20th, the BOITE A POEMES, is going to three places !! see the page named 3 x3.<\/p>\n\n\n\n<p><strong>LA FEMME AUX VALISES<\/strong> : &nbsp; performed at the Square de la Roquette in Paris in Septembre 2016.<\/p>\n\n\n\n<p>please, feel free to write to us, we will answer to your questions!<\/p>\n\n\n\n<p>Unfortunatey, du to the COVID, we have stopped any acting, so we hope to do it again next July in 2021. But mostly it will be happenings.<\/p>\n","protected":false},"excerpt":{"rendered":"<p>Benoit &amp; co est une structure associative cr\u00e9\u00e9e en 1982 pour favoriser les liens entre tous les arts et leurs expressions, \u00e0 destination du spectacle vivant. Depuis, une vingtaine de spectacles ont vu le jour, cr\u00e9ations th\u00e9\u00e2trales ou textes peu souvent jou\u00e9s dans des collectivit\u00e9s et une trentaine de com\u00e9diens ont pu donc travailler r\u00e9guli\u00e8rement [&hellip;]<\/p>\n","protected":false},"author":1,"featured_media":0,"parent":0,"menu_order":0,"comment_status":"closed","ping_status":"open","template":"","meta":{"footnotes":""},"class_list":["post-2","page","type-page","status-publish","hentry"],"_links":{"self":[{"href":"https:\/\/benoitandco.fr\/index.php?rest_route=\/wp\/v2\/pages\/2","targetHints":{"allow":["GET"]}}],"collection":[{"href":"https:\/\/benoitandco.fr\/index.php?rest_route=\/wp\/v2\/pages"}],"about":[{"href":"https:\/\/benoitandco.fr\/index.php?rest_route=\/wp\/v2\/types\/page"}],"author":[{"embeddable":true,"href":"https:\/\/benoitandco.fr\/index.php?rest_route=\/wp\/v2\/users\/1"}],"replies":[{"embeddable":true,"href":"https:\/\/benoitandco.fr\/index.php?rest_route=%2Fwp%2Fv2%2Fcomments&post=2"}],"version-history":[{"count":7,"href":"https:\/\/benoitandco.fr\/index.php?rest_route=\/wp\/v2\/pages\/2\/revisions"}],"predecessor-version":[{"id":310,"href":"https:\/\/benoitandco.fr\/index.php?rest_route=\/wp\/v2\/pages\/2\/revisions\/310"}],"wp:attachment":[{"href":"https:\/\/benoitandco.fr\/index.php?rest_route=%2Fwp%2Fv2%2Fmedia&parent=2"}],"curies":[{"name":"wp","href":"https:\/\/api.w.org\/{rel}","templated":true}]}}