{"id":208,"date":"2024-04-29T15:13:02","date_gmt":"2024-04-29T13:13:02","guid":{"rendered":"http:\/\/benoitandco.fr\/?page_id=208"},"modified":"2024-05-14T18:21:16","modified_gmt":"2024-05-14T16:21:16","slug":"amour-et-piano","status":"publish","type":"page","link":"https:\/\/benoitandco.fr\/?page_id=208","title":{"rendered":"Amour et Piano"},"content":{"rendered":"\n<figure class=\"wp-block-image size-large is-resized\"><img loading=\"lazy\" decoding=\"async\" width=\"822\" height=\"1024\" src=\"http:\/\/benoitandco.fr\/wp-content\/uploads\/2024\/04\/Capture-decran-2024-04-29-a-19.16.45-822x1024.png\" alt=\"\" class=\"wp-image-263\" style=\"width:300px;height:auto\" srcset=\"https:\/\/benoitandco.fr\/wp-content\/uploads\/2024\/04\/Capture-decran-2024-04-29-a-19.16.45-822x1024.png 822w, https:\/\/benoitandco.fr\/wp-content\/uploads\/2024\/04\/Capture-decran-2024-04-29-a-19.16.45-241x300.png 241w, https:\/\/benoitandco.fr\/wp-content\/uploads\/2024\/04\/Capture-decran-2024-04-29-a-19.16.45-768x957.png 768w, https:\/\/benoitandco.fr\/wp-content\/uploads\/2024\/04\/Capture-decran-2024-04-29-a-19.16.45.png 994w\" sizes=\"auto, (max-width: 822px) 100vw, 822px\" \/><\/figure>\n\n\n\n<p class=\"has-small-font-size\">En 2017, deux pi\u00e8ces<em> : Amour et piano<\/em> de Georges Feydeau ma\u00eetre du boulevard et<em> La fiole<\/em> de Max Maurey c\u00e9l\u00e8bre auteur du th\u00e9\u00e2tre du grand guignol, sont ici r\u00e9unies, nous transportent&nbsp; dans le Paris de la belle \u00e9poque, avec ces rapports hommes\/femmes bien diff\u00e9rents d&#8217;aujourd&#8217;hui ! La s\u00e9duction , les convenances de cette belle \u00e9poque ravivent notre nostalgie et nous fait voyager gr\u00e2ce \u00e0 l&#8217; humour et une espi\u00e8glerie d\u00e9licieusement dr\u00f4le et r\u00e9jouissante. Le Paris de ces ann\u00e9es fait se rencontrer des personnages issus de toute caste &#8211; pr\u00eats \u00e0 tout pour s&#8217; \u00e9manciper et se lib\u00e9rer des contraintes en bravant non sans courage les situations d\u00e9sopilantes auxquelles vous allez assister!<br>Quiproquo, rebondissements extravagants, passion, folie et amour sont la recette de ces deux pi\u00e8ces. Amour n\u00e9 d&#8217;un malentendu autour d&#8217;un maestro pour A<em>mour et piano<\/em> et une goutte de potion f\u00e2cheusement manquante pour cause de fiole vide \u00e9branlera l&#8217;ardeur d&#8217; un amant trop mou : <em>La fiole<\/em> vous abreuvera de rires salvateurs . Bon spectacle .<\/p>\n\n\n\n<p class=\"has-small-font-size\">Benoit and co<\/p>\n\n\n\n<p class=\"has-small-font-size\">photos Ga\u00ebl Albespy<\/p>\n\n\n\n<figure class=\"wp-block-image size-large\"><img loading=\"lazy\" decoding=\"async\" width=\"1024\" height=\"683\" src=\"http:\/\/benoitandco.fr\/wp-content\/uploads\/2024\/04\/IMG_0726-1-1024x683.jpg\" alt=\"\" class=\"wp-image-211\" srcset=\"https:\/\/benoitandco.fr\/wp-content\/uploads\/2024\/04\/IMG_0726-1-1024x683.jpg 1024w, https:\/\/benoitandco.fr\/wp-content\/uploads\/2024\/04\/IMG_0726-1-300x200.jpg 300w, https:\/\/benoitandco.fr\/wp-content\/uploads\/2024\/04\/IMG_0726-1-768x512.jpg 768w, https:\/\/benoitandco.fr\/wp-content\/uploads\/2024\/04\/IMG_0726-1-1536x1024.jpg 1536w, https:\/\/benoitandco.fr\/wp-content\/uploads\/2024\/04\/IMG_0726-1-2048x1365.jpg 2048w\" sizes=\"auto, (max-width: 1024px) 100vw, 1024px\" \/><\/figure>\n\n\n\n<figure class=\"wp-block-image size-large\"><img loading=\"lazy\" decoding=\"async\" width=\"683\" height=\"1024\" src=\"http:\/\/benoitandco.fr\/wp-content\/uploads\/2024\/04\/IMG_0861-683x1024.jpg\" alt=\"\" class=\"wp-image-209\" srcset=\"https:\/\/benoitandco.fr\/wp-content\/uploads\/2024\/04\/IMG_0861-683x1024.jpg 683w, https:\/\/benoitandco.fr\/wp-content\/uploads\/2024\/04\/IMG_0861-200x300.jpg 200w, https:\/\/benoitandco.fr\/wp-content\/uploads\/2024\/04\/IMG_0861-768x1152.jpg 768w, https:\/\/benoitandco.fr\/wp-content\/uploads\/2024\/04\/IMG_0861-1024x1536.jpg 1024w, https:\/\/benoitandco.fr\/wp-content\/uploads\/2024\/04\/IMG_0861-1365x2048.jpg 1365w, https:\/\/benoitandco.fr\/wp-content\/uploads\/2024\/04\/IMG_0861-scaled.jpg 1707w\" sizes=\"auto, (max-width: 683px) 100vw, 683px\" \/><\/figure>\n\n\n\n<figure class=\"wp-block-image size-large\"><img loading=\"lazy\" decoding=\"async\" width=\"1024\" height=\"683\" src=\"http:\/\/benoitandco.fr\/wp-content\/uploads\/2024\/04\/IMG_0802-1024x683.jpg\" alt=\"\" class=\"wp-image-212\" srcset=\"https:\/\/benoitandco.fr\/wp-content\/uploads\/2024\/04\/IMG_0802-1024x683.jpg 1024w, https:\/\/benoitandco.fr\/wp-content\/uploads\/2024\/04\/IMG_0802-300x200.jpg 300w, https:\/\/benoitandco.fr\/wp-content\/uploads\/2024\/04\/IMG_0802-768x512.jpg 768w, https:\/\/benoitandco.fr\/wp-content\/uploads\/2024\/04\/IMG_0802-1536x1024.jpg 1536w, https:\/\/benoitandco.fr\/wp-content\/uploads\/2024\/04\/IMG_0802-2048x1365.jpg 2048w\" sizes=\"auto, (max-width: 1024px) 100vw, 1024px\" \/><\/figure>\n","protected":false},"excerpt":{"rendered":"<p>En 2017, deux pi\u00e8ces : Amour et piano de Georges Feydeau ma\u00eetre du boulevard et La fiole de Max Maurey c\u00e9l\u00e8bre auteur du th\u00e9\u00e2tre du grand guignol, sont ici r\u00e9unies, nous transportent&nbsp; dans le Paris de la belle \u00e9poque, avec ces rapports hommes\/femmes bien diff\u00e9rents d&#8217;aujourd&#8217;hui ! La s\u00e9duction , les convenances de cette belle [&hellip;]<\/p>\n","protected":false},"author":1,"featured_media":0,"parent":135,"menu_order":12,"comment_status":"closed","ping_status":"closed","template":"","meta":{"footnotes":""},"class_list":["post-208","page","type-page","status-publish","hentry"],"_links":{"self":[{"href":"https:\/\/benoitandco.fr\/index.php?rest_route=\/wp\/v2\/pages\/208","targetHints":{"allow":["GET"]}}],"collection":[{"href":"https:\/\/benoitandco.fr\/index.php?rest_route=\/wp\/v2\/pages"}],"about":[{"href":"https:\/\/benoitandco.fr\/index.php?rest_route=\/wp\/v2\/types\/page"}],"author":[{"embeddable":true,"href":"https:\/\/benoitandco.fr\/index.php?rest_route=\/wp\/v2\/users\/1"}],"replies":[{"embeddable":true,"href":"https:\/\/benoitandco.fr\/index.php?rest_route=%2Fwp%2Fv2%2Fcomments&post=208"}],"version-history":[{"count":5,"href":"https:\/\/benoitandco.fr\/index.php?rest_route=\/wp\/v2\/pages\/208\/revisions"}],"predecessor-version":[{"id":417,"href":"https:\/\/benoitandco.fr\/index.php?rest_route=\/wp\/v2\/pages\/208\/revisions\/417"}],"up":[{"embeddable":true,"href":"https:\/\/benoitandco.fr\/index.php?rest_route=\/wp\/v2\/pages\/135"}],"wp:attachment":[{"href":"https:\/\/benoitandco.fr\/index.php?rest_route=%2Fwp%2Fv2%2Fmedia&parent=208"}],"curies":[{"name":"wp","href":"https:\/\/api.w.org\/{rel}","templated":true}]}}