{"id":53,"date":"2024-04-28T20:02:27","date_gmt":"2024-04-28T18:02:27","guid":{"rendered":"http:\/\/benoitandco.fr\/?page_id=53"},"modified":"2024-05-14T18:04:19","modified_gmt":"2024-05-14T16:04:19","slug":"alice-la-complainte-de-la-duchesse","status":"publish","type":"page","link":"https:\/\/benoitandco.fr\/?page_id=53","title":{"rendered":"ALICE : la complainte de la duchesse"},"content":{"rendered":"\n<p>en d\u00e9cembre 2015 et janvier 2016<\/p>\n\n\n\n<figure class=\"wp-block-image alignright\"><a href=\"https:\/\/web.archive.org\/web\/20230928071725\/http:\/\/www.benoitandco.fr\/?attachment_id=1178\"><img decoding=\"async\" src=\"https:\/\/web.archive.org\/web\/20230928071725im_\/http:\/\/www.benoitandco.fr\/wp-content\/uploads\/2015\/04\/IMG_0510-225x300.jpg\" alt=\"img_0510\" class=\"wp-image-1178\"\/><\/a><\/figure>\n\n\n\n<p class=\"has-small-font-size\">nouvelle cr\u00e9ation de Benoit and co (dur\u00e9e entre 10 et 15 mn)<\/p>\n\n\n\n<p class=\"has-small-font-size\">les dates de :&nbsp; la complainte de la duchesse<\/p>\n\n\n\n<ul class=\"wp-block-list\">\n<li class=\"has-small-font-size\">10 d\u00e9cembre 2015 vernissage \u00e0 partir de 19H<\/li>\n\n\n\n<li class=\"has-small-font-size\">vers <strong>16H <\/strong>les :11-12-13 d\u00e9cembre 2015<br>16 -18-19-20 d\u00e9cembre<br>26-27 d\u00e9cembre<\/li>\n\n\n\n<li class=\"has-small-font-size\"><strong>2-3 janvier 2016.<\/strong><\/li>\n<\/ul>\n\n\n\n<p><em>&nbsp;ALICE&nbsp; :&nbsp; LA COMPLAINTE DE LA DUCHESSE<\/em><\/p>\n\n\n\n<p class=\"has-small-font-size\">La duchesse a besoin d\u2019Alice et est bien contente de la retrouver dans le jardin, la reine veut juger la duchesse et lui faire couper la t\u00eate, mais il est si bon de retrouver des amis et de leur faire la morale sur comment va le monde<\/p>\n\n\n\n<p class=\"has-small-font-size\">cr\u00e9ation en d\u00e9cembre 2015, avec un point d\u2019orgue pour le vernissage du 10 d\u00e9cembre, la c\u00e9l\u00e9bration d\u2019Alice le 16 d\u00e9cembre pour ALICE STILL ALIVE et aussi la F\u00eate des Reines le 3 janvier 2016 !<\/p>\n\n\n\n<p class=\"has-small-font-size\">dans l\u2019Espace Saint Sauveur d\u2019Issy les Moulineaux, dans cette chapelle au milieu de la cour&nbsp; de l\u2019ancien h\u00f4pital Corentin-Celton compl\u00e8tement r\u00e9am\u00e9nag\u00e9 en appartements !!<\/p>\n\n\n\n<div class=\"wp-block-columns is-layout-flex wp-container-core-columns-is-layout-28f84493 wp-block-columns-is-layout-flex\">\n<div class=\"wp-block-column is-layout-flow wp-block-column-is-layout-flow\" style=\"flex-basis:100%\">\n<figure class=\"wp-block-image size-large is-resized\"><img loading=\"lazy\" decoding=\"async\" width=\"1024\" height=\"768\" src=\"http:\/\/benoitandco.fr\/wp-content\/uploads\/2024\/05\/duchesse-2-1024x768.jpg\" alt=\"\" class=\"wp-image-407\" style=\"aspect-ratio:1;object-fit:cover;width:341px;height:auto\" srcset=\"https:\/\/benoitandco.fr\/wp-content\/uploads\/2024\/05\/duchesse-2-1024x768.jpg 1024w, https:\/\/benoitandco.fr\/wp-content\/uploads\/2024\/05\/duchesse-2-300x225.jpg 300w, https:\/\/benoitandco.fr\/wp-content\/uploads\/2024\/05\/duchesse-2-768x576.jpg 768w, https:\/\/benoitandco.fr\/wp-content\/uploads\/2024\/05\/duchesse-2-1536x1152.jpg 1536w, https:\/\/benoitandco.fr\/wp-content\/uploads\/2024\/05\/duchesse-2-2048x1536.jpg 2048w\" sizes=\"auto, (max-width: 1024px) 100vw, 1024px\" \/><\/figure>\n<\/div>\n<\/div>\n\n\n\n<figure class=\"wp-block-image size-large is-resized\"><img loading=\"lazy\" decoding=\"async\" width=\"1024\" height=\"768\" src=\"http:\/\/benoitandco.fr\/wp-content\/uploads\/2024\/05\/duchesse-1-1024x768.jpg\" alt=\"\" class=\"wp-image-406\" style=\"width:424px;height:auto\" srcset=\"https:\/\/benoitandco.fr\/wp-content\/uploads\/2024\/05\/duchesse-1-1024x768.jpg 1024w, https:\/\/benoitandco.fr\/wp-content\/uploads\/2024\/05\/duchesse-1-300x225.jpg 300w, https:\/\/benoitandco.fr\/wp-content\/uploads\/2024\/05\/duchesse-1-768x576.jpg 768w, https:\/\/benoitandco.fr\/wp-content\/uploads\/2024\/05\/duchesse-1-1536x1152.jpg 1536w, https:\/\/benoitandco.fr\/wp-content\/uploads\/2024\/05\/duchesse-1-2048x1536.jpg 2048w\" sizes=\"auto, (max-width: 1024px) 100vw, 1024px\" \/><\/figure>\n\n\n\n<p>texte de la duchesse : <a href=\"https:\/\/web.archive.org\/web\/20230928071725\/http:\/\/www.benoitandco.fr\/wp-content\/uploads\/2015\/11\/W-Alice-CN-Label.jpg\"><\/a><\/p>\n\n\n\n<div class=\"wp-block-file\"><a id=\"wp-block-file--media-3e3e2cd4-982e-4df8-ad23-c88de57e709a\" href=\"http:\/\/benoitandco.fr\/wp-content\/uploads\/2024\/04\/debut-alice.docx\">debut-alice<\/a><a href=\"http:\/\/benoitandco.fr\/wp-content\/uploads\/2024\/04\/debut-alice.docx\" class=\"wp-block-file__button wp-element-button\" download aria-describedby=\"wp-block-file--media-3e3e2cd4-982e-4df8-ad23-c88de57e709a\">T\u00e9l\u00e9charger<\/a><\/div>\n\n\n\n<blockquote class=\"wp-block-quote is-layout-flow wp-block-quote-is-layout-flow\">\n<p>Cette ann\u00e9e encore pour la dix-septi\u00e8me fois depuis 1998, centenaire du d\u00e9c\u00e8s de Lewis Carroll,&nbsp;<\/p>\n<\/blockquote>\n\n\n\n<blockquote class=\"wp-block-quote is-layout-flow wp-block-quote-is-layout-flow\">\n<p>l\u2019association \u201cAlice Still Alive\u201d r\u00e9alise une manifestation autour de la figure d\u2019Alice.<\/p>\n\n\n\n<p>Elle est d\u00e9j\u00e0 apparue ces ann\u00e9es derni\u00e8res, en des lieux aussi divers que les galeries du Palais Royal, les Frigos, l\u2019h\u00f4tel Rothschild,&nbsp;la tour Jean Sans Peur, l\u2019h\u00f4tel Arturo Lopez, et derni\u00e8rement en Sardaigne.<\/p>\n\n\n\n<p>Elle se trouve cette ann\u00e9e \u00e0 *l\u2019espace Saint-Sauveur d\u2019Issy-les-Moulineaux, anciennement chapelle de la maison de retraite dite \u201d des Petits M\u00e9nages\u201d<\/p>\n\n\n\n<p>Cette chapelle est contemporaine de la premi\u00e8re \u00e9dition du livre d\u2019 \u00ab&nbsp;Alice au Pays des Merveilles&nbsp;\u00bb, en 1865.<\/p>\n\n\n\n<p>Elle accueille ces jours-ci des \u0153uvres d\u2019une bonne soixantaine d\u2019artistes de toutes disciplines inspir\u00e9s par ce livre, dont la fortune ne s\u2019est jamais d\u00e9mentie.<\/p>\n\n\n\n<p>Il est d\u2019ailleurs ces jours-ci \u00e0 l\u2019affiche du salon du livre de jeunesse de Montreuil&nbsp;; mais il n\u2019a jamais cess\u00e9 de toucher tous les \u00e2ges,&nbsp;tant il est ouvert \u00e0 toutes les lectures possibles.<\/p>\n\n\n\n<p><strong>Guy Jacqmin<\/strong> pour Alice Still Alive<\/p>\n\n\n\n<p>* Espace Saint-Sauveur est labellis\u00e9 par la DRAC \u00eele de France.<\/p>\n<\/blockquote>\n","protected":false},"excerpt":{"rendered":"<p>en d\u00e9cembre 2015 et janvier 2016 nouvelle cr\u00e9ation de Benoit and co (dur\u00e9e entre 10 et 15 mn) les dates de :&nbsp; la complainte de la duchesse &nbsp;ALICE&nbsp; :&nbsp; LA COMPLAINTE DE LA DUCHESSE La duchesse a besoin d\u2019Alice et est bien contente de la retrouver dans le jardin, la reine veut juger la duchesse [&hellip;]<\/p>\n","protected":false},"author":1,"featured_media":0,"parent":135,"menu_order":1,"comment_status":"closed","ping_status":"closed","template":"","meta":{"footnotes":""},"class_list":["post-53","page","type-page","status-publish","hentry"],"_links":{"self":[{"href":"https:\/\/benoitandco.fr\/index.php?rest_route=\/wp\/v2\/pages\/53","targetHints":{"allow":["GET"]}}],"collection":[{"href":"https:\/\/benoitandco.fr\/index.php?rest_route=\/wp\/v2\/pages"}],"about":[{"href":"https:\/\/benoitandco.fr\/index.php?rest_route=\/wp\/v2\/types\/page"}],"author":[{"embeddable":true,"href":"https:\/\/benoitandco.fr\/index.php?rest_route=\/wp\/v2\/users\/1"}],"replies":[{"embeddable":true,"href":"https:\/\/benoitandco.fr\/index.php?rest_route=%2Fwp%2Fv2%2Fcomments&post=53"}],"version-history":[{"count":7,"href":"https:\/\/benoitandco.fr\/index.php?rest_route=\/wp\/v2\/pages\/53\/revisions"}],"predecessor-version":[{"id":411,"href":"https:\/\/benoitandco.fr\/index.php?rest_route=\/wp\/v2\/pages\/53\/revisions\/411"}],"up":[{"embeddable":true,"href":"https:\/\/benoitandco.fr\/index.php?rest_route=\/wp\/v2\/pages\/135"}],"wp:attachment":[{"href":"https:\/\/benoitandco.fr\/index.php?rest_route=%2Fwp%2Fv2%2Fmedia&parent=53"}],"curies":[{"name":"wp","href":"https:\/\/api.w.org\/{rel}","templated":true}]}}