{"id":57,"date":"2024-04-29T09:49:52","date_gmt":"2024-04-29T07:49:52","guid":{"rendered":"http:\/\/benoitandco.fr\/?page_id=57"},"modified":"2024-05-14T18:37:24","modified_gmt":"2024-05-14T16:37:24","slug":"la-femme-au-drapeau","status":"publish","type":"page","link":"https:\/\/benoitandco.fr\/?page_id=57","title":{"rendered":"La Femme au drapeau"},"content":{"rendered":"\n<p>cr\u00e9ation le 22 octobre 2016<\/p>\n\n\n\n<p>avec PAN total organis\u00e9 par Alain Snyers au GENERATEUR \u00e0 Genevilliers<\/p>\n\n\n\n<p>proposition d\u2019une performance de 10 mn.<\/p>\n\n\n\n<p>Femme avec un drapeau qui sort de sa culotte<br>distribuant des \u00e9tiquettes de toutes les nations (surtout Irak, France, Grande Bretagne, Congo,\u2026.)<\/p>\n\n\n\n<p>Chacun dans la salle doit coller l\u2019\u00e9tiquette sur le front de son voisin, donc il ne saura pas quelle est sa nationalit\u00e9.<\/p>\n\n\n\n<p>Par ailleurs, distribution de sarbacanes avec boules en papier,<br>quand la femme au drapeau crie :<\/p>\n\n\n\n<p>Je d\u00e9clare la guerre joyeuse ouverte !<\/p>\n\n\n\n<p>tous les participants soufflent dans leurs sarbacanes, d\u00e9cidant soit<\/p>\n\n\n\n<ul class=\"wp-block-list\">\n<li>de viser le drapeau flottant sur les fesses de la femme<\/li>\n\n\n\n<li>de viser son voisin s\u2019il a un drapeau qu\u2019on aime<\/li>\n\n\n\n<li>de faire des groupes de sarbacanes et de viser quiconque l\u2019int\u00e9resse<\/li>\n<\/ul>\n\n\n\n<p><\/p>\n\n\n\n<figure class=\"wp-block-table\"><table><tbody><tr><td><\/td><\/tr><\/tbody><\/table><\/figure>\n","protected":false},"excerpt":{"rendered":"<p>cr\u00e9ation le 22 octobre 2016 avec PAN total organis\u00e9 par Alain Snyers au GENERATEUR \u00e0 Genevilliers proposition d\u2019une performance de 10 mn. Femme avec un drapeau qui sort de sa culottedistribuant des \u00e9tiquettes de toutes les nations (surtout Irak, France, Grande Bretagne, Congo,\u2026.) Chacun dans la salle doit coller l\u2019\u00e9tiquette sur le front de son [&hellip;]<\/p>\n","protected":false},"author":1,"featured_media":0,"parent":135,"menu_order":21,"comment_status":"closed","ping_status":"closed","template":"","meta":{"footnotes":""},"class_list":["post-57","page","type-page","status-publish","hentry"],"_links":{"self":[{"href":"https:\/\/benoitandco.fr\/index.php?rest_route=\/wp\/v2\/pages\/57","targetHints":{"allow":["GET"]}}],"collection":[{"href":"https:\/\/benoitandco.fr\/index.php?rest_route=\/wp\/v2\/pages"}],"about":[{"href":"https:\/\/benoitandco.fr\/index.php?rest_route=\/wp\/v2\/types\/page"}],"author":[{"embeddable":true,"href":"https:\/\/benoitandco.fr\/index.php?rest_route=\/wp\/v2\/users\/1"}],"replies":[{"embeddable":true,"href":"https:\/\/benoitandco.fr\/index.php?rest_route=%2Fwp%2Fv2%2Fcomments&post=57"}],"version-history":[{"count":4,"href":"https:\/\/benoitandco.fr\/index.php?rest_route=\/wp\/v2\/pages\/57\/revisions"}],"predecessor-version":[{"id":393,"href":"https:\/\/benoitandco.fr\/index.php?rest_route=\/wp\/v2\/pages\/57\/revisions\/393"}],"up":[{"embeddable":true,"href":"https:\/\/benoitandco.fr\/index.php?rest_route=\/wp\/v2\/pages\/135"}],"wp:attachment":[{"href":"https:\/\/benoitandco.fr\/index.php?rest_route=%2Fwp%2Fv2%2Fmedia&parent=57"}],"curies":[{"name":"wp","href":"https:\/\/api.w.org\/{rel}","templated":true}]}}