{"id":62,"date":"2024-04-29T09:50:12","date_gmt":"2024-04-29T07:50:12","guid":{"rendered":"http:\/\/benoitandco.fr\/?page_id=62"},"modified":"2024-05-14T18:29:51","modified_gmt":"2024-05-14T16:29:51","slug":"la-femme-aux-valises","status":"publish","type":"page","link":"https:\/\/benoitandco.fr\/?page_id=62","title":{"rendered":"La Femme aux valises"},"content":{"rendered":"\n<p>Benoit and co&nbsp; au Square de la Roquette fin septembre 2016<\/p>\n\n\n\n<figure class=\"wp-block-image alignright\"><a href=\"https:\/\/web.archive.org\/web\/20231211132810\/http:\/\/www.benoitandco.fr\/?attachment_id=1156\"><img decoding=\"async\" src=\"https:\/\/web.archive.org\/web\/20231211132810im_\/http:\/\/www.benoitandco.fr\/wp-content\/uploads\/2016\/09\/IMG_1972_2-208x300.jpg\" alt=\"img_1972_2\" class=\"wp-image-1156\"\/><\/a><\/figure>\n\n\n\n<p><\/p>\n\n\n\n<p class=\"has-small-font-size\">\u00e0 16H30 le dernier week end de septembre 2016<br>\u00e0 16H30 le premier week end d\u2019octobre 2016<\/p>\n\n\n\n<figure class=\"wp-block-image alignleft\"><a href=\"https:\/\/web.archive.org\/web\/20231211132810\/http:\/\/www.benoitandco.fr\/?attachment_id=1161\"><img decoding=\"async\" src=\"https:\/\/web.archive.org\/web\/20231211132810im_\/http:\/\/www.benoitandco.fr\/wp-content\/uploads\/2016\/09\/femmes-aux-valises-300x209.png\" alt=\"femmes-aux-valises\" class=\"wp-image-1161\"\/><\/a><\/figure>\n\n\n\n<p><\/p>\n\n\n\n<ul class=\"wp-block-list\">\n<li class=\"has-small-font-size\">\u2013 \u2013 \u2013 \u2013&nbsp;&nbsp; \u2013 \u2013 \u2013 \u2013<br>Du samedi 24 septembre au dimanche 2 octobre 2016, la 8\u00e8me \u00e9dition de la Biennale du G\u00e9nie des Jardins donne rendez-vous dans les squares et jardins du 11\u00e8me arrondissement de Paris.\u2022 SQUARE DE LA ROQUETTE \u2022 SQUARE MAURICE GARDETTE \u2013 PARIS 11<\/li>\n\n\n\n<li class=\"has-small-font-size\"><br>Pour cette nouvelle biennale, l\u2019association le G\u00e9nie de la Bastille pr\u00e9sente dans deux jardins du 11\u00e8me arrondissement des installations et des performances sur le th\u00e8me \u00ab ACCUEILLIR\u00ab .<br>Pendant 10 jours, 35 artistes explorent le champ des possibles et vous convient \u00e0 des exp\u00e9riences sensorielles au travers d\u2019installations et de performances. Les jardins deviennent espaces de cr\u00e9ation en dialogue avec le paysage environnant, lieux de rencontre entre l\u2019art et le grand public, lieux d\u2019\u00e9changes avec les artistes.<br>C\u2019est l\u2019occasion d\u2019appr\u00e9cier l\u2019art contemporain au hasard des all\u00e9es, de pl\u00e9bisciter l\u2019audace devant des installations improbables, de saluer la libert\u00e9 des choix, de c\u00e9der \u00e0 l\u2019humour, de s\u2019abandonner \u00e0 toutes les r\u00eaveries.<\/li>\n<\/ul>\n\n\n\n<p><\/p>\n\n\n\n<ul class=\"wp-block-list\">\n<li>texte de La femme aux valises :  <\/li>\n<\/ul>\n\n\n\n<div class=\"wp-block-file\"><a id=\"wp-block-file--media-0de33a89-8b65-416e-9d3b-44f14553ff4e\" href=\"http:\/\/benoitandco.fr\/wp-content\/uploads\/2024\/04\/LA-FEMME-AUX-VALISES-final-sept-2016-1.docx\">LA-FEMME-AUX-VALISES-final-sept-2016-1<\/a><a href=\"http:\/\/benoitandco.fr\/wp-content\/uploads\/2024\/04\/LA-FEMME-AUX-VALISES-final-sept-2016-1.docx\" class=\"wp-block-file__button wp-element-button\" download aria-describedby=\"wp-block-file--media-0de33a89-8b65-416e-9d3b-44f14553ff4e\">T\u00e9l\u00e9charger<\/a><\/div>\n","protected":false},"excerpt":{"rendered":"<p>Benoit and co&nbsp; au Square de la Roquette fin septembre 2016 \u00e0 16H30 le dernier week end de septembre 2016\u00e0 16H30 le premier week end d\u2019octobre 2016<\/p>\n","protected":false},"author":1,"featured_media":0,"parent":135,"menu_order":4,"comment_status":"closed","ping_status":"closed","template":"","meta":{"footnotes":""},"class_list":["post-62","page","type-page","status-publish","hentry"],"_links":{"self":[{"href":"https:\/\/benoitandco.fr\/index.php?rest_route=\/wp\/v2\/pages\/62","targetHints":{"allow":["GET"]}}],"collection":[{"href":"https:\/\/benoitandco.fr\/index.php?rest_route=\/wp\/v2\/pages"}],"about":[{"href":"https:\/\/benoitandco.fr\/index.php?rest_route=\/wp\/v2\/types\/page"}],"author":[{"embeddable":true,"href":"https:\/\/benoitandco.fr\/index.php?rest_route=\/wp\/v2\/users\/1"}],"replies":[{"embeddable":true,"href":"https:\/\/benoitandco.fr\/index.php?rest_route=%2Fwp%2Fv2%2Fcomments&post=62"}],"version-history":[{"count":7,"href":"https:\/\/benoitandco.fr\/index.php?rest_route=\/wp\/v2\/pages\/62\/revisions"}],"predecessor-version":[{"id":421,"href":"https:\/\/benoitandco.fr\/index.php?rest_route=\/wp\/v2\/pages\/62\/revisions\/421"}],"up":[{"embeddable":true,"href":"https:\/\/benoitandco.fr\/index.php?rest_route=\/wp\/v2\/pages\/135"}],"wp:attachment":[{"href":"https:\/\/benoitandco.fr\/index.php?rest_route=%2Fwp%2Fv2%2Fmedia&parent=62"}],"curies":[{"name":"wp","href":"https:\/\/api.w.org\/{rel}","templated":true}]}}