{"id":65,"date":"2024-04-28T20:00:09","date_gmt":"2024-04-28T18:00:09","guid":{"rendered":"http:\/\/benoitandco.fr\/?page_id=65"},"modified":"2024-05-14T18:19:30","modified_gmt":"2024-05-14T16:19:30","slug":"a-dada-sur-mon-voltaire","status":"publish","type":"page","link":"https:\/\/benoitandco.fr\/?page_id=65","title":{"rendered":"\u00e0 Dada sur mon Voltaire"},"content":{"rendered":"\n<p><\/p>\n\n\n\n<p>CABARET DADA<br>Centenaire du Cabaret Voltaire<br>Paris, le samedi 06 f\u00e9vrier 2016<br>Halle saint-Pierre.<br><\/p>\n\n\n\n<figure class=\"wp-block-image\"><img decoding=\"async\" src=\"https:\/\/web.archive.org\/web\/20231211125302im_\/http:\/\/www.benoitandco.fr\/wp-content\/uploads\/2016\/02\/P1240178-300x169.jpg\" alt=\"Karawane interpr\u00e9t\u00e9 par Sylvie Benoit et les auditeurs....\" class=\"wp-image-1070\"\/><\/figure>\n\n\n\n<p>Karawane interpr\u00e9t\u00e9 par Sylvie Benoit et les auditeurs\u2026<\/p>\n\n\n\n<figure class=\"wp-block-image size-large\"><img loading=\"lazy\" decoding=\"async\" width=\"1024\" height=\"576\" src=\"http:\/\/benoitandco.fr\/wp-content\/uploads\/2024\/04\/P1240185-1024x576.jpg\" alt=\"\" class=\"wp-image-260\" srcset=\"https:\/\/benoitandco.fr\/wp-content\/uploads\/2024\/04\/P1240185-1024x576.jpg 1024w, https:\/\/benoitandco.fr\/wp-content\/uploads\/2024\/04\/P1240185-300x169.jpg 300w, https:\/\/benoitandco.fr\/wp-content\/uploads\/2024\/04\/P1240185-768x432.jpg 768w, https:\/\/benoitandco.fr\/wp-content\/uploads\/2024\/04\/P1240185.jpg 1280w\" sizes=\"auto, (max-width: 1024px) 100vw, 1024px\" \/><\/figure>\n\n\n\n<figure class=\"wp-block-image size-full\"><img loading=\"lazy\" decoding=\"async\" width=\"964\" height=\"690\" src=\"http:\/\/benoitandco.fr\/wp-content\/uploads\/2024\/04\/Capture-decran-2024-04-29-a-18.42.20.png\" alt=\"\" class=\"wp-image-253\" srcset=\"https:\/\/benoitandco.fr\/wp-content\/uploads\/2024\/04\/Capture-decran-2024-04-29-a-18.42.20.png 964w, https:\/\/benoitandco.fr\/wp-content\/uploads\/2024\/04\/Capture-decran-2024-04-29-a-18.42.20-300x215.png 300w, https:\/\/benoitandco.fr\/wp-content\/uploads\/2024\/04\/Capture-decran-2024-04-29-a-18.42.20-768x550.png 768w\" sizes=\"auto, (max-width: 964px) 100vw, 964px\" \/><\/figure>\n\n\n\n<figure class=\"wp-block-image size-large\"><img loading=\"lazy\" decoding=\"async\" width=\"576\" height=\"1024\" src=\"http:\/\/benoitandco.fr\/wp-content\/uploads\/2024\/04\/P1240188-576x1024.jpg\" alt=\"\" class=\"wp-image-254\" srcset=\"https:\/\/benoitandco.fr\/wp-content\/uploads\/2024\/04\/P1240188-576x1024.jpg 576w, https:\/\/benoitandco.fr\/wp-content\/uploads\/2024\/04\/P1240188-169x300.jpg 169w, https:\/\/benoitandco.fr\/wp-content\/uploads\/2024\/04\/P1240188.jpg 720w\" sizes=\"auto, (max-width: 576px) 100vw, 576px\" \/><\/figure>\n\n\n\n<p>Session de performances c\u00e9l\u00e9brant le centenaire de l&#8217;ouverture du Cabaret Voltaire \u00e0 Zurich le 05 f\u00e9vrier 1916.<br>L&#8217;auditorium de la halle Saint-Pierre (Paris) a accueilli les interventions d&#8217;une trentaine d&#8217;artistes performeurs, de po\u00e8tes, de musiciens\u2026 r\u00e9unis par Alain SNYERS pour rendre hommage au mouvement DADA \u00e0 l\u02bcoccasion du centenaire du Cabaret.<br>Chacun avait comme consigne une intervention maximum d\u02bcenviron trois minutes en lien plus ou moins direct avec le centenaire du Cabaret. Ce format donna \u00e0 la session son caract\u00e8re dynamique et la succession de mots et de gestes, une grande diversit\u00e9<br>de styles et d&#8217;ambiances. C\u00e9l\u00e9bration joyeuse et parodique port\u00e9e par la bonne<br>humeur et le d\u00e9sir d\u02bcactions d\u02bcauteurs convaincus de l\u02bcimportance d\u02bcagir par l\u02bcaction de l\u02bcart et de participer \u00e0 un moment autant cr\u00e9atif que ludique.<br>Nombreuses furent les allusions directes au cabaret zurichois, \u00e0 Hugo Ball, Tristan Tzara, Kurt Schwitters et leurs attitudes\u2026 La d\u00e9construction du langage, les onomatop\u00e9es, les inventions verbales et les jeux de mots furent largement pratiqu\u00e9s, d\u00e9clinant ainsi, de mani\u00e8re contemporaine, l&#8217;h\u00e9ritage Dada. Le mot lui-m\u00eame fut l&#8217;objet de variantes orales.<br>Le plateau fut occup\u00e9 par une suite ininterrompue de performances, cris, gestes,<br>costumes, lectures et gesticulations des PONTIFICALL BEUYS, d\u02bcHenri GRUVMAN, de Charles DREYFUS, d\u02bcEl COYOTE\/GIROUD, de Jacques DEMARQ, d\u02bcAlain BIET, de Max HORDE, de David FENECH, d\u02bc\u00c9lisabeth MORCELLET, D\u02bcAlain SNYERS, de Mathieu BOHET, de Sandrine LEHAGRE, de Franck NA, de Denis PARMAIN, deDaniel DALIGAND, de Jo\u00ebl HUBAUT &amp; L\u00e9a LEBRICOMTE, de Sylvie Benoit avec Benoit &amp; Co, de LWO, d\u02bcAntoine CHIPRIANA, de BONNIE\/ Made in China, d\u02bcAgn\u00e8s AUBAGUE, de S\u00e9bastien BERGEZ, de Black SIFICHI, de Roma NAPOLI, le Tapis volant (Anna KUCZINKA &amp; Richard PIEGZA), de Franck ANCEL avec Herv\u00e9 BINET et Andr\u00e9 O\u2026.<br>La pr\u00e9sentation des artistes fut assur\u00e9e par Christine Bergez et Alain Snyers.<br>Les artistes absents, J&amp;C. PINEAU, Olivier GARCIN et Gilles CABUT (Boxon) ont pu \u00eatre repr\u00e9sent\u00e9s par la communication de leurs contributions.<br>Deux manifestes ont \u00e9t\u00e9 lus : le Manifeste terrien pr\u00e9sent\u00e9 par Michel Giroud et le Manifeste du Bureau par Agn\u00e8s Aubague.<br>Un duplex t\u00e9l\u00e9phonique avec Berlin s\u02bcest \u00e9tabli avec Catherine Ricoul en direct de la c\u00e9l\u00e9bration DADA \u00e0 Berlin.<br>Le Cabaret DADA du 06 f\u00e9vrier 2016, par ses fantaisies et son \u00e9nergie, a propag\u00e9 et actualis\u00e9 l\u02bcesprit \u00e9clectique du Cabaret Voltaire et a affirm\u00e9 la permanence et la modernit\u00e9 des id\u00e9es de la r\u00e9volution dada.<\/p>\n\n\n\n<p><\/p>\n","protected":false},"excerpt":{"rendered":"<p>CABARET DADACentenaire du Cabaret VoltaireParis, le samedi 06 f\u00e9vrier 2016Halle saint-Pierre. Karawane interpr\u00e9t\u00e9 par Sylvie Benoit et les auditeurs\u2026 Session de performances c\u00e9l\u00e9brant le centenaire de l&#8217;ouverture du Cabaret Voltaire \u00e0 Zurich le 05 f\u00e9vrier 1916.L&#8217;auditorium de la halle Saint-Pierre (Paris) a accueilli les interventions d&#8217;une trentaine d&#8217;artistes performeurs, de po\u00e8tes, de musiciens\u2026 r\u00e9unis par [&hellip;]<\/p>\n","protected":false},"author":1,"featured_media":0,"parent":135,"menu_order":10,"comment_status":"closed","ping_status":"closed","template":"","meta":{"footnotes":""},"class_list":["post-65","page","type-page","status-publish","hentry"],"_links":{"self":[{"href":"https:\/\/benoitandco.fr\/index.php?rest_route=\/wp\/v2\/pages\/65","targetHints":{"allow":["GET"]}}],"collection":[{"href":"https:\/\/benoitandco.fr\/index.php?rest_route=\/wp\/v2\/pages"}],"about":[{"href":"https:\/\/benoitandco.fr\/index.php?rest_route=\/wp\/v2\/types\/page"}],"author":[{"embeddable":true,"href":"https:\/\/benoitandco.fr\/index.php?rest_route=\/wp\/v2\/users\/1"}],"replies":[{"embeddable":true,"href":"https:\/\/benoitandco.fr\/index.php?rest_route=%2Fwp%2Fv2%2Fcomments&post=65"}],"version-history":[{"count":10,"href":"https:\/\/benoitandco.fr\/index.php?rest_route=\/wp\/v2\/pages\/65\/revisions"}],"predecessor-version":[{"id":267,"href":"https:\/\/benoitandco.fr\/index.php?rest_route=\/wp\/v2\/pages\/65\/revisions\/267"}],"up":[{"embeddable":true,"href":"https:\/\/benoitandco.fr\/index.php?rest_route=\/wp\/v2\/pages\/135"}],"wp:attachment":[{"href":"https:\/\/benoitandco.fr\/index.php?rest_route=%2Fwp%2Fv2%2Fmedia&parent=65"}],"curies":[{"name":"wp","href":"https:\/\/api.w.org\/{rel}","templated":true}]}}