{"id":68,"date":"2024-04-28T19:58:46","date_gmt":"2024-04-28T17:58:46","guid":{"rendered":"http:\/\/benoitandco.fr\/?page_id=68"},"modified":"2024-05-14T18:18:46","modified_gmt":"2024-05-14T16:18:46","slug":"3x3-boite-a-poemes","status":"publish","type":"page","link":"https:\/\/benoitandco.fr\/?page_id=68","title":{"rendered":"3X3 &#8211; Bo\u00eete \u00e0 po\u00e8mes"},"content":{"rendered":"\n<p><strong>BOITE A POEMES<\/strong><\/p>\n\n\n\n<p>Nouvelle intervention de Benoit &amp; co<\/p>\n\n\n\n<p>lors du <em>Printemps des Po\u00e8tes<\/em>&nbsp; en&nbsp; mars 2016&nbsp; :&nbsp; <a href=\"https:\/\/web.archive.org\/web\/20230928063259\/http:\/\/www.benoitandco.fr\/?attachment_id=1175\">boiteapoeme2016<\/a><\/p>\n\n\n\n<p><strong><em>Trois artistes pour trois lieux pour trois jours&nbsp; : <\/em><\/strong>la BO\u00ceTE \u00c0 PO\u00c8MES va \u00eatre ouverte dans trois ateliers\/lieux d\u2019artistes :<\/p>\n\n\n\n<ul class=\"wp-block-list\">\n<li>L\u2019ATELIER de POLSKA&nbsp;: &nbsp;Terre \u2026 Ciel \u2013 <strong>7<\/strong> rue de Montlouis 75011 Paris<\/li>\n\n\n\n<li>La CRYPTE de l\u2019Eglise Notre Dame de la Croix de MENILMONTANT: Uzu-Tourbillon \u2013 4 rue d\u2019Eupatoria 75020 Paris<\/li>\n\n\n\n<li>GOURBI DE LA MARE&nbsp;: Paroles de Louise Michel&nbsp; \u2013 57 rue de la Mare 75020 Paris<\/li>\n<\/ul>\n\n\n\n<p>Polska, sculpteur plasticienne, Fontaine de la Mare, plasticien, Lika Kato plasticienne et leurs invit\u00e9es : Ulrike Klett , photographe, Marinette Delann\u00e9, \u00e9crivain\/photographe ouvrent leurs portes \u00e0 la po\u00e9sie du vendredi 18 au Dimanche 20 Mars 2016, de 14h \u00e0 20h.<\/p>\n\n\n\n<figure class=\"wp-block-image alignleft\"><img decoding=\"async\" src=\"https:\/\/web.archive.org\/web\/20230928063259im_\/http:\/\/www.benoitandco.fr\/wp-content\/uploads\/2016\/03\/IMAG1408-200x300.jpg\" alt=\"ma bo\u00eete \u00e0 po\u00e8mes\" class=\"wp-image-1106\"\/><\/figure>\n\n\n\n<p>La po\u00e9sie est \u00e0 d\u00e9couvrir non seulement dans les \u0153uvres plastiques propos\u00e9es dans chaque espace mais au travers des lectures et des performances musicales.<br>Textes pressentis ou lus de : Christian Bobin, Fran\u00e7ois Cheng, St\u00e9phanie Ferrat, Odile Fix, Sylvie Benoit, Erwan Roug\u00e9, Polska, Fontaine de la Mare, Lika Kato etc\u2026<\/p>\n\n\n\n<p>Pour les passages de la <strong>BO\u00ceTE \u00c0 PO\u00c8MES<\/strong> :<\/p>\n\n\n\n<p>vendredi 18 mars \u2013 samedi 19 mars \u00e0 16H dans la crypte de l\u2019\u00e9glise Notre Dame de M\u00e9nilmontant<\/p>\n\n\n\n<p>vendredi 18 mars \u00e0 17H et dimanche 20 mars \u00e0 19H dans l\u2019atelier de Polska<\/p>\n\n\n\n<p>samedi 18 et dimanche 19 \u00e0 15H30 dans l\u2019atelier de la Mare.<\/p>\n","protected":false},"excerpt":{"rendered":"<p>BOITE A POEMES Nouvelle intervention de Benoit &amp; co lors du Printemps des Po\u00e8tes&nbsp; en&nbsp; mars 2016&nbsp; :&nbsp; boiteapoeme2016 Trois artistes pour trois lieux pour trois jours&nbsp; : la BO\u00ceTE \u00c0 PO\u00c8MES va \u00eatre ouverte dans trois ateliers\/lieux d\u2019artistes : Polska, sculpteur plasticienne, Fontaine de la Mare, plasticien, Lika Kato plasticienne et leurs invit\u00e9es : [&hellip;]<\/p>\n","protected":false},"author":1,"featured_media":0,"parent":158,"menu_order":2,"comment_status":"closed","ping_status":"closed","template":"","meta":{"footnotes":""},"class_list":["post-68","page","type-page","status-publish","hentry"],"_links":{"self":[{"href":"https:\/\/benoitandco.fr\/index.php?rest_route=\/wp\/v2\/pages\/68","targetHints":{"allow":["GET"]}}],"collection":[{"href":"https:\/\/benoitandco.fr\/index.php?rest_route=\/wp\/v2\/pages"}],"about":[{"href":"https:\/\/benoitandco.fr\/index.php?rest_route=\/wp\/v2\/types\/page"}],"author":[{"embeddable":true,"href":"https:\/\/benoitandco.fr\/index.php?rest_route=\/wp\/v2\/users\/1"}],"replies":[{"embeddable":true,"href":"https:\/\/benoitandco.fr\/index.php?rest_route=%2Fwp%2Fv2%2Fcomments&post=68"}],"version-history":[{"count":3,"href":"https:\/\/benoitandco.fr\/index.php?rest_route=\/wp\/v2\/pages\/68\/revisions"}],"predecessor-version":[{"id":415,"href":"https:\/\/benoitandco.fr\/index.php?rest_route=\/wp\/v2\/pages\/68\/revisions\/415"}],"up":[{"embeddable":true,"href":"https:\/\/benoitandco.fr\/index.php?rest_route=\/wp\/v2\/pages\/158"}],"wp:attachment":[{"href":"https:\/\/benoitandco.fr\/index.php?rest_route=%2Fwp%2Fv2%2Fmedia&parent=68"}],"curies":[{"name":"wp","href":"https:\/\/api.w.org\/{rel}","templated":true}]}}