{"id":72,"date":"2024-04-28T20:02:59","date_gmt":"2024-04-28T18:02:59","guid":{"rendered":"http:\/\/benoitandco.fr\/?page_id=72"},"modified":"2024-05-14T18:28:25","modified_gmt":"2024-05-14T16:28:25","slug":"derives-jardin-salon","status":"publish","type":"page","link":"https:\/\/benoitandco.fr\/?page_id=72","title":{"rendered":"D\u00e9rives\/Jardin\/Salon&#8230;"},"content":{"rendered":"\n<figure class=\"wp-block-image alignright\"><a href=\"https:\/\/web.archive.org\/web\/20231211131752\/http:\/\/www.benoitandco.fr\/?attachment_id=658\"><img decoding=\"async\" src=\"https:\/\/web.archive.org\/web\/20231211131752im_\/http:\/\/www.benoitandco.fr\/wp-content\/uploads\/2012\/03\/P11207101-168x300.jpg\" alt=\"P1120710\" class=\"wp-image-658\"\/><\/a><\/figure>\n\n\n\n<p>installation\/happening\/tableau vivant<\/p>\n\n\n\n<p>trois actes d\u00e9coup\u00e9s selon le lieu o\u00f9 ils sont jou\u00e9s<br>une com\u00e9dienne<br>un lit pour l\u2019acte 2<\/p>\n\n\n\n<p class=\"has-small-font-size\">cr\u00e9ation au lieu : 59 rue de Rivoli, les 17 et 21 et 28 avril 2012 \u2013<br>1\u00e8re s\u00e9ance \u00e0&nbsp; 14h30 et ensuite&nbsp; plusieurs fois dans la journ\u00e9e<\/p>\n\n\n\n<p class=\"has-small-font-size\">Les nuits adoucies par l\u2019opium sont douloureuses pour Mme de Sta\u00ebl qui retarde l\u2019heure du coucher au maximum.<br>Tristesse et joie sont m\u00e9lang\u00e9es en permanence dans ses envol\u00e9es lyriques.<\/p>\n\n\n\n<p class=\"has-small-font-size\">Le public est autour du lit, on fait salon et on joue au Jeu de la poste.<\/p>\n\n\n\n<p class=\"has-small-font-size\">10mn de th\u00e9\u00e2tre dans un lieu o\u00f9 l\u2019\u00e9nergie f\u00e9minine dompte la peur de perdre ses amis dans l\u2019exil impos\u00e9 par Bonaparte.<\/p>\n\n\n\n<p class=\"has-small-font-size\">Le premier acte du happening\/tableau vivant sera dans des jardins, avec l\u2019all\u00e9e de la conciliation et celle des explications et surtout les divagations de Mme de Sta\u00ebl \u00e9chappant \u00e0 la police de Bonaparte\u2026<br><strong>les 23,28,29 et 30 septembre\u00a0 \u00e0 18h30 dans le square de la Roquette, dans le 11\u00e8me arrondissement de PARIS<br>dans le cadre des \u00e9v\u00e9nements du G\u00e9nie de la Bastille.<\/strong><\/p>\n\n\n\n<div class=\"wp-block-columns is-layout-flex wp-container-core-columns-is-layout-28f84493 wp-block-columns-is-layout-flex\">\n<div class=\"wp-block-column is-layout-flow wp-block-column-is-layout-flow\" style=\"flex-basis:100%\">\n<figure class=\"wp-block-image size-full is-resized\"><img loading=\"lazy\" decoding=\"async\" width=\"480\" height=\"640\" src=\"https:\/\/benoitandco.fr\/wp-content\/uploads\/2024\/05\/Mme-de-Stael-jardin-2-1.jpg\" alt=\"\" class=\"wp-image-356\" style=\"width:411px;height:auto\" srcset=\"https:\/\/benoitandco.fr\/wp-content\/uploads\/2024\/05\/Mme-de-Stael-jardin-2-1.jpg 480w, https:\/\/benoitandco.fr\/wp-content\/uploads\/2024\/05\/Mme-de-Stael-jardin-2-1-225x300.jpg 225w\" sizes=\"auto, (max-width: 480px) 100vw, 480px\" \/><\/figure>\n<\/div>\n<\/div>\n\n\n\n<p class=\"has-small-font-size\">Le troisi\u00e8me acte du happening sera cr\u00e9\u00e9 dans un salon, lors d\u2019un cocktail, o\u00f9 auront lieu les retrouvailles avec Benjamin Constant. Malheureusement elle vient juste de se remarier avec De Rocca, et elle ne veut plus choisir\u2026. C\u2019est Benjamin qui partira.<\/p>\n\n\n\n<p>*  * <\/p>\n\n\n\n<figure class=\"wp-block-image alignright\"><a href=\"https:\/\/web.archive.org\/web\/20231211131752\/http:\/\/www.benoitandco.fr\/?attachment_id=658\"><img decoding=\"async\" src=\"https:\/\/web.archive.org\/web\/20231211131752im_\/http:\/\/www.benoitandco.fr\/wp-content\/uploads\/2012\/03\/P11207101-168x300.jpg\" alt=\"P1120710\" class=\"wp-image-658\"\/><\/a><\/figure>\n\n\n\n<p>* \u2013 * \u2013 *<\/p>\n\n\n\n<p class=\"has-small-font-size\">Le texte sous sa forme int\u00e9grale est pr\u00e9vu :<br>pour 20 minutes de spectacle, autour du lit<br>et<br>dans les all\u00e9es, tout d\u00e9pend du temps qu\u2019il fait !! environ 10 mn \u00e0 20 mn\u00a0 pour chaque parcours<\/p>\n\n\n\n<p class=\"has-small-font-size\">et dans le cocktail, la beaut\u00e9 du retour de Benjamin Constant dure entre 10 et 15 mn, selon le nombre de personnes dans la salle.<\/p>\n\n\n\n<figure class=\"wp-block-image aligncenter is-resized\"><a href=\"https:\/\/web.archive.org\/web\/20231211131752\/http:\/\/benoitandco.fr\/wp-content\/uploads\/2012\/03\/IMG_0391.jpg\"><img decoding=\"async\" src=\"https:\/\/web.archive.org\/web\/20231211131752im_\/http:\/\/benoitandco.fr\/wp-content\/uploads\/2012\/03\/IMG_0368.jpg\" alt=\"\" class=\"wp-image-653\" style=\"aspect-ratio:1;object-fit:cover;width:328px;height:auto\" title=\"IMG_0368\"\/><\/a><\/figure>\n\n\n\n<figure class=\"wp-block-image aligncenter\"><a href=\"https:\/\/web.archive.org\/web\/20231211131752\/http:\/\/benoitandco.fr\/wp-content\/uploads\/2012\/03\/P1120721.jpg\"><img decoding=\"async\" src=\"https:\/\/web.archive.org\/web\/20231211131752im_\/http:\/\/benoitandco.fr\/wp-content\/uploads\/2012\/03\/P11207111.jpg\" alt=\"\" class=\"wp-image-659\" title=\"P1120711\"\/><\/a><\/figure>\n\n\n\n<div class=\"wp-block-media-text is-stacked-on-mobile\"><figure class=\"wp-block-media-text__media\"><img loading=\"lazy\" decoding=\"async\" width=\"480\" height=\"640\" src=\"http:\/\/benoitandco.fr\/wp-content\/uploads\/2024\/05\/Mme-de-Stael-1.jpg\" alt=\"\" class=\"wp-image-350 size-full\" srcset=\"https:\/\/benoitandco.fr\/wp-content\/uploads\/2024\/05\/Mme-de-Stael-1.jpg 480w, https:\/\/benoitandco.fr\/wp-content\/uploads\/2024\/05\/Mme-de-Stael-1-225x300.jpg 225w\" sizes=\"auto, (max-width: 480px) 100vw, 480px\" \/><\/figure><div class=\"wp-block-media-text__content\">\n<p class=\"has-small-font-size\">dans le square de la Roquette, Paris<\/p>\n<\/div><\/div>\n\n\n\n<figure class=\"wp-block-image size-medium\"><img loading=\"lazy\" decoding=\"async\" width=\"300\" height=\"169\" src=\"https:\/\/benoitandco.fr\/wp-content\/uploads\/2024\/05\/Mme-Stael-jardin-300x169.jpg\" alt=\"\" class=\"wp-image-353\" srcset=\"https:\/\/benoitandco.fr\/wp-content\/uploads\/2024\/05\/Mme-Stael-jardin-300x169.jpg 300w, https:\/\/benoitandco.fr\/wp-content\/uploads\/2024\/05\/Mme-Stael-jardin.jpg 640w\" sizes=\"auto, (max-width: 300px) 100vw, 300px\" \/><\/figure>\n","protected":false},"excerpt":{"rendered":"<p>installation\/happening\/tableau vivant trois actes d\u00e9coup\u00e9s selon le lieu o\u00f9 ils sont jou\u00e9sune com\u00e9dienneun lit pour l\u2019acte 2 cr\u00e9ation au lieu : 59 rue de Rivoli, les 17 et 21 et 28 avril 2012 \u20131\u00e8re s\u00e9ance \u00e0&nbsp; 14h30 et ensuite&nbsp; plusieurs fois dans la journ\u00e9e Les nuits adoucies par l\u2019opium sont douloureuses pour Mme de Sta\u00ebl [&hellip;]<\/p>\n","protected":false},"author":1,"featured_media":0,"parent":135,"menu_order":2,"comment_status":"closed","ping_status":"closed","template":"","meta":{"footnotes":""},"class_list":["post-72","page","type-page","status-publish","hentry"],"_links":{"self":[{"href":"https:\/\/benoitandco.fr\/index.php?rest_route=\/wp\/v2\/pages\/72","targetHints":{"allow":["GET"]}}],"collection":[{"href":"https:\/\/benoitandco.fr\/index.php?rest_route=\/wp\/v2\/pages"}],"about":[{"href":"https:\/\/benoitandco.fr\/index.php?rest_route=\/wp\/v2\/types\/page"}],"author":[{"embeddable":true,"href":"https:\/\/benoitandco.fr\/index.php?rest_route=\/wp\/v2\/users\/1"}],"replies":[{"embeddable":true,"href":"https:\/\/benoitandco.fr\/index.php?rest_route=%2Fwp%2Fv2%2Fcomments&post=72"}],"version-history":[{"count":17,"href":"https:\/\/benoitandco.fr\/index.php?rest_route=\/wp\/v2\/pages\/72\/revisions"}],"predecessor-version":[{"id":386,"href":"https:\/\/benoitandco.fr\/index.php?rest_route=\/wp\/v2\/pages\/72\/revisions\/386"}],"up":[{"embeddable":true,"href":"https:\/\/benoitandco.fr\/index.php?rest_route=\/wp\/v2\/pages\/135"}],"wp:attachment":[{"href":"https:\/\/benoitandco.fr\/index.php?rest_route=%2Fwp%2Fv2%2Fmedia&parent=72"}],"curies":[{"name":"wp","href":"https:\/\/api.w.org\/{rel}","templated":true}]}}