{"id":99,"date":"2024-04-28T20:02:35","date_gmt":"2024-04-28T18:02:35","guid":{"rendered":"http:\/\/benoitandco.fr\/?page_id=99"},"modified":"2024-05-14T18:22:53","modified_gmt":"2024-05-14T16:22:53","slug":"d-d","status":"publish","type":"page","link":"https:\/\/benoitandco.fr\/?page_id=99","title":{"rendered":"D. D."},"content":{"rendered":"\n<p>d\u2019apr\u00e8s \u201cRegrets sur ma vieille robe de chambre\u201d de Denis Diderot<\/p>\n\n\n\n<p class=\"has-small-font-size\">\u00e9criture en 2013<\/p>\n\n\n\n<p class=\"has-small-font-size\">4 personnages : Diderot, d\u2019Alembert, Mme Geoffrin et Julie Lespinasse.<\/p>\n\n\n\n<p class=\"has-small-font-size\">Un moment de la vie de Denis Diderot. Son travail a port\u00e9 ses fruits. Malgr\u00e9 les censures de son imprimeur, Mr Le Breton, l\u2019encyclop\u00e9die conna\u00eet un grand succ\u00e8s. Il a toujours \u00e9t\u00e9 confront\u00e9 \u00e0 de graves soucis d\u2019argent et ses amis vont lui faire la surprise de r\u00e9am\u00e9nager son cabinet. L\u2019irruption du luxe va lui faire \u00e9crier \u201cRegrets sur ma vieille robe de chambre\u201d, pr\u00e9texte de cette pi\u00e8ce pour une tranche de vie de D. D.<\/p>\n","protected":false},"excerpt":{"rendered":"<p>d\u2019apr\u00e8s \u201cRegrets sur ma vieille robe de chambre\u201d de Denis Diderot \u00e9criture en 2013 4 personnages : Diderot, d\u2019Alembert, Mme Geoffrin et Julie Lespinasse. Un moment de la vie de Denis Diderot. Son travail a port\u00e9 ses fruits. Malgr\u00e9 les censures de son imprimeur, Mr Le Breton, l\u2019encyclop\u00e9die conna\u00eet un grand succ\u00e8s. Il a toujours [&hellip;]<\/p>\n","protected":false},"author":1,"featured_media":0,"parent":135,"menu_order":13,"comment_status":"closed","ping_status":"closed","template":"","meta":{"footnotes":""},"class_list":["post-99","page","type-page","status-publish","hentry"],"_links":{"self":[{"href":"https:\/\/benoitandco.fr\/index.php?rest_route=\/wp\/v2\/pages\/99","targetHints":{"allow":["GET"]}}],"collection":[{"href":"https:\/\/benoitandco.fr\/index.php?rest_route=\/wp\/v2\/pages"}],"about":[{"href":"https:\/\/benoitandco.fr\/index.php?rest_route=\/wp\/v2\/types\/page"}],"author":[{"embeddable":true,"href":"https:\/\/benoitandco.fr\/index.php?rest_route=\/wp\/v2\/users\/1"}],"replies":[{"embeddable":true,"href":"https:\/\/benoitandco.fr\/index.php?rest_route=%2Fwp%2Fv2%2Fcomments&post=99"}],"version-history":[{"count":2,"href":"https:\/\/benoitandco.fr\/index.php?rest_route=\/wp\/v2\/pages\/99\/revisions"}],"predecessor-version":[{"id":418,"href":"https:\/\/benoitandco.fr\/index.php?rest_route=\/wp\/v2\/pages\/99\/revisions\/418"}],"up":[{"embeddable":true,"href":"https:\/\/benoitandco.fr\/index.php?rest_route=\/wp\/v2\/pages\/135"}],"wp:attachment":[{"href":"https:\/\/benoitandco.fr\/index.php?rest_route=%2Fwp%2Fv2%2Fmedia&parent=99"}],"curies":[{"name":"wp","href":"https:\/\/api.w.org\/{rel}","templated":true}]}}